{"id":4055,"date":"2024-08-25T23:14:29","date_gmt":"2024-08-26T03:14:29","guid":{"rendered":"https:\/\/mentesextremofilas.com\/?post_type=product&#038;p=4055"},"modified":"2025-05-26T20:35:32","modified_gmt":"2025-05-27T00:35:32","slug":"sandman","status":"publish","type":"product","link":"https:\/\/mentesextremofilas.com\/en\/product\/sandman","title":{"rendered":"Sandman"},"content":{"rendered":"<p><strong>Sandman Sponsorship:<\/strong><\/p>\n<ul>\n<li><span style=\"font-weight: 400;\">2 tickets to<a href=\"https:\/\/mentesextremofilas.com\/en\/somnium_hollowearth\/somnium-aug-28-openingnight\/\"> Opening Night on August 28<\/a><\/span><\/li>\n<li><span style=\"font-weight: 400;\">1 signed <a href=\"https:\/\/mentesextremofilas.com\/wp-content\/uploads\/WhatsApp-Image-2025-05-26-at-19.07.25.jpeg\">print poster\u00a0<\/a><\/span><\/li>\n<li><span style=\"font-weight: 400;\">Logo placement on all marketing and website <\/span><span style=\"font-weight: 400;\">\u00a0<\/span><\/li>\n<\/ul>","protected":false},"excerpt":{"rendered":"<p>Support the Premier 2024 Art Experience in Rockford<\/p>","protected":false},"featured_media":6721,"template":"","meta":{"_et_pb_use_builder":"","_et_pb_old_content":"","_et_gb_content_width":""},"product_brand":[],"product_cat":[98],"product_tag":[104,99,103,100],"class_list":{"0":"post-4055","1":"product","2":"type-product","3":"status-publish","4":"has-post-thumbnail","6":"product_cat-sponsorship-and-support","7":"product_tag-sandman-partner","8":"product_tag-somnium-sponsorship","9":"product_tag-sponsor","10":"product_tag-support-somnium","12":"first","13":"instock","14":"downloadable","15":"virtual","16":"purchasable","17":"product-type-simple"},"yoast_head":"<!-- This site is optimized with the Yoast SEO plugin v27.1.1 - https:\/\/yoast.com\/product\/yoast-seo-wordpress\/ -->\n<title>Sandman - Mentes Extrem\u00f3filas<\/title>\n<meta name=\"robots\" content=\"index, follow, max-snippet:-1, max-image-preview:large, max-video-preview:-1\" \/>\n<link rel=\"canonical\" href=\"https:\/\/mentesextremofilas.com\/en\/product\/sandman\/\" \/>\n<meta property=\"og:locale\" content=\"en_US\" \/>\n<meta property=\"og:type\" content=\"article\" \/>\n<meta property=\"og:title\" content=\"Sandman - Mentes Extrem\u00f3filas\" \/>\n<meta property=\"og:description\" content=\"Support the Premier 2024 Art Experience in Rockford\" \/>\n<meta property=\"og:url\" content=\"https:\/\/mentesextremofilas.com\/en\/product\/sandman\/\" \/>\n<meta property=\"og:site_name\" content=\"Mentes Extrem\u00f3filas\" \/>\n<meta property=\"article:modified_time\" content=\"2025-05-27T00:35:32+00:00\" \/>\n<meta property=\"og:image\" content=\"https:\/\/mentesextremofilas.com\/wp-content\/uploads\/WhatsApp-Image-2025-05-25-at-18.44.24-4.jpeg\" \/>\n\t<meta property=\"og:image:width\" content=\"900\" \/>\n\t<meta property=\"og:image:height\" content=\"891\" \/>\n\t<meta property=\"og:image:type\" content=\"image\/jpeg\" \/>\n<meta name=\"twitter:card\" content=\"summary_large_image\" \/>\n<meta name=\"twitter:label1\" content=\"Est. reading time\" \/>\n\t<meta name=\"twitter:data1\" content=\"1 minute\" \/>\n<script type=\"application\/ld+json\" class=\"yoast-schema-graph\">{\"@context\":\"https:\/\/schema.org\",\"@graph\":[{\"@type\":\"WebPage\",\"@id\":\"https:\/\/mentesextremofilas.com\/product\/sandman\",\"url\":\"https:\/\/mentesextremofilas.com\/product\/sandman\",\"name\":\"Sandman - Mentes Extrem\u00f3filas\",\"isPartOf\":{\"@id\":\"https:\/\/mentesextremofilas.com\/#website\"},\"primaryImageOfPage\":{\"@id\":\"https:\/\/mentesextremofilas.com\/product\/sandman#primaryimage\"},\"image\":{\"@id\":\"https:\/\/mentesextremofilas.com\/product\/sandman#primaryimage\"},\"thumbnailUrl\":\"https:\/\/mentesextremofilas.com\/wp-content\/uploads\/WhatsApp-Image-2025-05-25-at-18.44.24-4.jpeg\",\"datePublished\":\"2024-08-26T03:14:29+00:00\",\"dateModified\":\"2025-05-27T00:35:32+00:00\",\"breadcrumb\":{\"@id\":\"https:\/\/mentesextremofilas.com\/product\/sandman#breadcrumb\"},\"inLanguage\":\"en-US\",\"potentialAction\":[{\"@type\":\"ReadAction\",\"target\":[\"https:\/\/mentesextremofilas.com\/product\/sandman\"]}]},{\"@type\":\"ImageObject\",\"inLanguage\":\"en-US\",\"@id\":\"https:\/\/mentesextremofilas.com\/product\/sandman#primaryimage\",\"url\":\"https:\/\/mentesextremofilas.com\/wp-content\/uploads\/WhatsApp-Image-2025-05-25-at-18.44.24-4.jpeg\",\"contentUrl\":\"https:\/\/mentesextremofilas.com\/wp-content\/uploads\/WhatsApp-Image-2025-05-25-at-18.44.24-4.jpeg\",\"width\":900,\"height\":891},{\"@type\":\"BreadcrumbList\",\"@id\":\"https:\/\/mentesextremofilas.com\/product\/sandman#breadcrumb\",\"itemListElement\":[{\"@type\":\"ListItem\",\"position\":1,\"name\":\"Home\",\"item\":\"https:\/\/mentesextremofilas.com\/\"},{\"@type\":\"ListItem\",\"position\":2,\"name\":\"Tienda\",\"item\":\"https:\/\/mentesextremofilas.com\/shop\"},{\"@type\":\"ListItem\",\"position\":3,\"name\":\"Sandman\"}]},{\"@type\":\"WebSite\",\"@id\":\"https:\/\/mentesextremofilas.com\/#website\",\"url\":\"https:\/\/mentesextremofilas.com\/\",\"name\":\"Mentes Extrem\u00f3filas\",\"description\":\"Mentes que se adaptan a las condiciones m\u00e1s extremas de la imaginaci\u00f3n\",\"potentialAction\":[{\"@type\":\"SearchAction\",\"target\":{\"@type\":\"EntryPoint\",\"urlTemplate\":\"https:\/\/mentesextremofilas.com\/?s={search_term_string}\"},\"query-input\":{\"@type\":\"PropertyValueSpecification\",\"valueRequired\":true,\"valueName\":\"search_term_string\"}}],\"inLanguage\":\"en-US\"}]}<\/script>\n<!-- \/ Yoast SEO plugin. -->","yoast_head_json":{"title":"Sandman - Mentes Extrem\u00f3filas","robots":{"index":"index","follow":"follow","max-snippet":"max-snippet:-1","max-image-preview":"max-image-preview:large","max-video-preview":"max-video-preview:-1"},"canonical":"https:\/\/mentesextremofilas.com\/en\/product\/sandman\/","og_locale":"en_US","og_type":"article","og_title":"Sandman - Mentes Extrem\u00f3filas","og_description":"Support the Premier 2024 Art Experience in Rockford","og_url":"https:\/\/mentesextremofilas.com\/en\/product\/sandman\/","og_site_name":"Mentes Extrem\u00f3filas","article_modified_time":"2025-05-27T00:35:32+00:00","og_image":[{"width":900,"height":891,"url":"https:\/\/mentesextremofilas.com\/wp-content\/uploads\/WhatsApp-Image-2025-05-25-at-18.44.24-4.jpeg","type":"image\/jpeg"}],"twitter_card":"summary_large_image","twitter_misc":{"Est. reading time":"1 minute"},"schema":{"@context":"https:\/\/schema.org","@graph":[{"@type":"WebPage","@id":"https:\/\/mentesextremofilas.com\/product\/sandman","url":"https:\/\/mentesextremofilas.com\/product\/sandman","name":"Sandman - Mentes Extrem\u00f3filas","isPartOf":{"@id":"https:\/\/mentesextremofilas.com\/#website"},"primaryImageOfPage":{"@id":"https:\/\/mentesextremofilas.com\/product\/sandman#primaryimage"},"image":{"@id":"https:\/\/mentesextremofilas.com\/product\/sandman#primaryimage"},"thumbnailUrl":"https:\/\/mentesextremofilas.com\/wp-content\/uploads\/WhatsApp-Image-2025-05-25-at-18.44.24-4.jpeg","datePublished":"2024-08-26T03:14:29+00:00","dateModified":"2025-05-27T00:35:32+00:00","breadcrumb":{"@id":"https:\/\/mentesextremofilas.com\/product\/sandman#breadcrumb"},"inLanguage":"en-US","potentialAction":[{"@type":"ReadAction","target":["https:\/\/mentesextremofilas.com\/product\/sandman"]}]},{"@type":"ImageObject","inLanguage":"en-US","@id":"https:\/\/mentesextremofilas.com\/product\/sandman#primaryimage","url":"https:\/\/mentesextremofilas.com\/wp-content\/uploads\/WhatsApp-Image-2025-05-25-at-18.44.24-4.jpeg","contentUrl":"https:\/\/mentesextremofilas.com\/wp-content\/uploads\/WhatsApp-Image-2025-05-25-at-18.44.24-4.jpeg","width":900,"height":891},{"@type":"BreadcrumbList","@id":"https:\/\/mentesextremofilas.com\/product\/sandman#breadcrumb","itemListElement":[{"@type":"ListItem","position":1,"name":"Home","item":"https:\/\/mentesextremofilas.com\/"},{"@type":"ListItem","position":2,"name":"Tienda","item":"https:\/\/mentesextremofilas.com\/shop"},{"@type":"ListItem","position":3,"name":"Sandman"}]},{"@type":"WebSite","@id":"https:\/\/mentesextremofilas.com\/#website","url":"https:\/\/mentesextremofilas.com\/","name":"Mentes Extrem\u00f3filas","description":"Mentes que se adaptan a las condiciones m\u00e1s extremas de la imaginaci\u00f3n","potentialAction":[{"@type":"SearchAction","target":{"@type":"EntryPoint","urlTemplate":"https:\/\/mentesextremofilas.com\/?s={search_term_string}"},"query-input":{"@type":"PropertyValueSpecification","valueRequired":true,"valueName":"search_term_string"}}],"inLanguage":"en-US"}]}},"_links":{"self":[{"href":"https:\/\/mentesextremofilas.com\/en\/wp-json\/wp\/v2\/product\/4055","targetHints":{"allow":["GET"]}}],"collection":[{"href":"https:\/\/mentesextremofilas.com\/en\/wp-json\/wp\/v2\/product"}],"about":[{"href":"https:\/\/mentesextremofilas.com\/en\/wp-json\/wp\/v2\/types\/product"}],"wp:featuredmedia":[{"embeddable":true,"href":"https:\/\/mentesextremofilas.com\/en\/wp-json\/wp\/v2\/media\/6721"}],"wp:attachment":[{"href":"https:\/\/mentesextremofilas.com\/en\/wp-json\/wp\/v2\/media?parent=4055"}],"wp:term":[{"taxonomy":"product_brand","embeddable":true,"href":"https:\/\/mentesextremofilas.com\/en\/wp-json\/wp\/v2\/product_brand?post=4055"},{"taxonomy":"product_cat","embeddable":true,"href":"https:\/\/mentesextremofilas.com\/en\/wp-json\/wp\/v2\/product_cat?post=4055"},{"taxonomy":"product_tag","embeddable":true,"href":"https:\/\/mentesextremofilas.com\/en\/wp-json\/wp\/v2\/product_tag?post=4055"}],"curies":[{"name":"wp","href":"https:\/\/api.w.org\/{rel}","templated":true}]}}