{"id":3149,"date":"2022-10-22T15:53:58","date_gmt":"2022-10-22T19:53:58","guid":{"rendered":"https:\/\/mentesextremofilas.com\/product\/esu-the-most-misunderstood-entity-in-the-universe"},"modified":"2024-07-06T16:17:46","modified_gmt":"2024-07-06T20:17:46","slug":"esu-the-most-misunderstood-entity-in-the-universe","status":"publish","type":"product","link":"https:\/\/mentesextremofilas.com\/en\/product\/esu-the-most-misunderstood-entity-in-the-universe","title":{"rendered":"Esu: The Most Misunderstood Entity in the Universe (English Edition)"},"content":{"rendered":"<p><iframe loading=\"lazy\" title=\"ESU: The Most Misunderstood Entity in the Universe - Graphic Novel\" width=\"1080\" height=\"608\" src=\"https:\/\/www.youtube.com\/embed\/B7ONrJjpR7Y?feature=oembed\"  allow=\"accelerometer; autoplay; clipboard-write; encrypted-media; gyroscope; picture-in-picture; web-share\" allowfullscreen><\/iframe><\/p>\n<p>Esu&#8217;s bold character, his open heart, and his creative mind are the triple jewels that shine throughout this sumptuously visual text. Elegba does what he does best through the author and illustrator -he smashes through ignorance, educates, and draws you onto the road of discovery. This book is for anyone wishing to gain insight into the plural worlds of the orisa and to experience the manifold stories that these living deities embody.<\/p>\n<p style=\"text-align: right;\"><em><em style=\"text-align: right;\">Martin Tsang<\/em><br \/>\nPh.D., Olorisha, anthropologist, librarian and curator.<\/em><\/p>\n<p>&nbsp;<\/p>","protected":false},"excerpt":{"rendered":"<p>Esu: The Most Misunderstood Entity in the Universe is a masterwork. Wondrously written and illustrated by Darren Lopez and Eddaviel, this immersive work eloquently colors the many shades of the great Yoruba orisha, Esu. One of the more revered and sometimes feared orishas in the pantheon, Lopez and Eddaviel artfully illustrate how this swank trickster of the crossroads, whose powers have captivated West Africa and the Americas, is here to help us be our better selves. Shared simply, artfully, with Esu&#8217;s trademark humor and irony, this amalgamation of stories and morality tales are ideal for the newcomer and the elder alike.<\/p>\n<p style=\"text-align: right;\"><em>Ytasha L. Womack, Author of Afrofuturism: The World of Black Sci Fi &amp; Fantasy Culture<\/em><\/p>\n<p>&nbsp;<\/p>","protected":false},"featured_media":3157,"template":"","meta":{"_et_pb_use_builder":"","_et_pb_old_content":"","_et_gb_content_width":""},"product_brand":[],"product_cat":[25],"product_tag":[83,82,80,81],"class_list":{"0":"post-3149","1":"product","2":"type-product","3":"status-publish","4":"has-post-thumbnail","6":"product_cat-libros","7":"product_tag-afro","8":"product_tag-comic","9":"product_tag-esu","10":"product_tag-graphic-novel","11":"product_shipping_class-lulu-direct","13":"first","14":"instock","15":"taxable","16":"shipping-taxable","17":"purchasable","18":"product-type-simple"},"yoast_head":"<!-- This site is optimized with the Yoast SEO plugin v27.1.1 - https:\/\/yoast.com\/product\/yoast-seo-wordpress\/ -->\n<title>Esu: The Most Misunderstood Entity in the Universe (English Edition) - Mentes Extrem\u00f3filas<\/title>\n<meta name=\"robots\" content=\"index, follow, max-snippet:-1, max-image-preview:large, max-video-preview:-1\" \/>\n<link rel=\"canonical\" href=\"https:\/\/mentesextremofilas.com\/en\/product\/esu-the-most-misunderstood-entity-in-the-universe\/\" \/>\n<meta property=\"og:locale\" content=\"en_US\" \/>\n<meta property=\"og:type\" content=\"article\" \/>\n<meta property=\"og:title\" content=\"Esu: The Most Misunderstood Entity in the Universe (English Edition) - Mentes Extrem\u00f3filas\" \/>\n<meta property=\"og:description\" content=\"Esu: The Most Misunderstood Entity in the Universe is a masterwork. Wondrously written and illustrated by Darren Lopez and Eddaviel, this immersive work eloquently colors the many shades of the great Yoruba orisha, Esu. One of the more revered and sometimes feared orishas in the pantheon, Lopez and Eddaviel artfully illustrate how this swank trickster of the crossroads, whose powers have captivated West Africa and the Americas, is here to help us be our better selves. Shared simply, artfully, with Esu&#039;s trademark humor and irony, this amalgamation of stories and morality tales are ideal for the newcomer and the elder alike. Ytasha L. Womack, Author of Afrofuturism: The World of Black Sci Fi &amp; Fantasy Culture  &nbsp;\" \/>\n<meta property=\"og:url\" content=\"https:\/\/mentesextremofilas.com\/en\/product\/esu-the-most-misunderstood-entity-in-the-universe\/\" \/>\n<meta property=\"og:site_name\" content=\"Mentes Extrem\u00f3filas\" \/>\n<meta property=\"article:modified_time\" content=\"2024-07-06T20:17:46+00:00\" \/>\n<meta property=\"og:image\" content=\"https:\/\/mentesextremofilas.com\/wp-content\/uploads\/IMG-20221024-WA0013.jpg\" \/>\n\t<meta property=\"og:image:width\" content=\"1280\" \/>\n\t<meta property=\"og:image:height\" content=\"1217\" \/>\n\t<meta property=\"og:image:type\" content=\"image\/jpeg\" \/>\n<meta name=\"twitter:card\" content=\"summary_large_image\" \/>\n<meta name=\"twitter:label1\" content=\"Est. reading time\" \/>\n\t<meta name=\"twitter:data1\" content=\"1 minute\" \/>\n<script type=\"application\/ld+json\" class=\"yoast-schema-graph\">{\"@context\":\"https:\/\/schema.org\",\"@graph\":[{\"@type\":\"WebPage\",\"@id\":\"https:\/\/mentesextremofilas.com\/product\/esu-the-most-misunderstood-entity-in-the-universe\",\"url\":\"https:\/\/mentesextremofilas.com\/product\/esu-the-most-misunderstood-entity-in-the-universe\",\"name\":\"Esu: The Most Misunderstood Entity in the Universe (English Edition) - Mentes Extrem\u00f3filas\",\"isPartOf\":{\"@id\":\"https:\/\/mentesextremofilas.com\/#website\"},\"primaryImageOfPage\":{\"@id\":\"https:\/\/mentesextremofilas.com\/product\/esu-the-most-misunderstood-entity-in-the-universe#primaryimage\"},\"image\":{\"@id\":\"https:\/\/mentesextremofilas.com\/product\/esu-the-most-misunderstood-entity-in-the-universe#primaryimage\"},\"thumbnailUrl\":\"https:\/\/mentesextremofilas.com\/wp-content\/uploads\/IMG-20221024-WA0013.jpg\",\"datePublished\":\"2022-10-22T19:53:58+00:00\",\"dateModified\":\"2024-07-06T20:17:46+00:00\",\"breadcrumb\":{\"@id\":\"https:\/\/mentesextremofilas.com\/product\/esu-the-most-misunderstood-entity-in-the-universe#breadcrumb\"},\"inLanguage\":\"en-US\",\"potentialAction\":[{\"@type\":\"ReadAction\",\"target\":[\"https:\/\/mentesextremofilas.com\/product\/esu-the-most-misunderstood-entity-in-the-universe\"]}]},{\"@type\":\"ImageObject\",\"inLanguage\":\"en-US\",\"@id\":\"https:\/\/mentesextremofilas.com\/product\/esu-the-most-misunderstood-entity-in-the-universe#primaryimage\",\"url\":\"https:\/\/mentesextremofilas.com\/wp-content\/uploads\/IMG-20221024-WA0013.jpg\",\"contentUrl\":\"https:\/\/mentesextremofilas.com\/wp-content\/uploads\/IMG-20221024-WA0013.jpg\",\"width\":1280,\"height\":1217,\"caption\":\"Esu: The Most Misunderstood Entity in the Universe\"},{\"@type\":\"BreadcrumbList\",\"@id\":\"https:\/\/mentesextremofilas.com\/product\/esu-the-most-misunderstood-entity-in-the-universe#breadcrumb\",\"itemListElement\":[{\"@type\":\"ListItem\",\"position\":1,\"name\":\"Home\",\"item\":\"https:\/\/mentesextremofilas.com\/\"},{\"@type\":\"ListItem\",\"position\":2,\"name\":\"Tienda\",\"item\":\"https:\/\/mentesextremofilas.com\/shop\"},{\"@type\":\"ListItem\",\"position\":3,\"name\":\"Esu: The Most Misunderstood Entity in the Universe (English Edition)\"}]},{\"@type\":\"WebSite\",\"@id\":\"https:\/\/mentesextremofilas.com\/#website\",\"url\":\"https:\/\/mentesextremofilas.com\/\",\"name\":\"Mentes Extrem\u00f3filas\",\"description\":\"Mentes que se adaptan a las condiciones m\u00e1s extremas de la imaginaci\u00f3n\",\"potentialAction\":[{\"@type\":\"SearchAction\",\"target\":{\"@type\":\"EntryPoint\",\"urlTemplate\":\"https:\/\/mentesextremofilas.com\/?s={search_term_string}\"},\"query-input\":{\"@type\":\"PropertyValueSpecification\",\"valueRequired\":true,\"valueName\":\"search_term_string\"}}],\"inLanguage\":\"en-US\"}]}<\/script>\n<!-- \/ Yoast SEO plugin. -->","yoast_head_json":{"title":"Esu: The Most Misunderstood Entity in the Universe (English Edition) - Mentes Extrem\u00f3filas","robots":{"index":"index","follow":"follow","max-snippet":"max-snippet:-1","max-image-preview":"max-image-preview:large","max-video-preview":"max-video-preview:-1"},"canonical":"https:\/\/mentesextremofilas.com\/en\/product\/esu-the-most-misunderstood-entity-in-the-universe\/","og_locale":"en_US","og_type":"article","og_title":"Esu: The Most Misunderstood Entity in the Universe (English Edition) - Mentes Extrem\u00f3filas","og_description":"Esu: The Most Misunderstood Entity in the Universe is a masterwork. Wondrously written and illustrated by Darren Lopez and Eddaviel, this immersive work eloquently colors the many shades of the great Yoruba orisha, Esu. One of the more revered and sometimes feared orishas in the pantheon, Lopez and Eddaviel artfully illustrate how this swank trickster of the crossroads, whose powers have captivated West Africa and the Americas, is here to help us be our better selves. Shared simply, artfully, with Esu's trademark humor and irony, this amalgamation of stories and morality tales are ideal for the newcomer and the elder alike. Ytasha L. Womack, Author of Afrofuturism: The World of Black Sci Fi &amp; Fantasy Culture  &nbsp;","og_url":"https:\/\/mentesextremofilas.com\/en\/product\/esu-the-most-misunderstood-entity-in-the-universe\/","og_site_name":"Mentes Extrem\u00f3filas","article_modified_time":"2024-07-06T20:17:46+00:00","og_image":[{"width":1280,"height":1217,"url":"https:\/\/mentesextremofilas.com\/wp-content\/uploads\/IMG-20221024-WA0013.jpg","type":"image\/jpeg"}],"twitter_card":"summary_large_image","twitter_misc":{"Est. reading time":"1 minute"},"schema":{"@context":"https:\/\/schema.org","@graph":[{"@type":"WebPage","@id":"https:\/\/mentesextremofilas.com\/product\/esu-the-most-misunderstood-entity-in-the-universe","url":"https:\/\/mentesextremofilas.com\/product\/esu-the-most-misunderstood-entity-in-the-universe","name":"Esu: The Most Misunderstood Entity in the Universe (English Edition) - Mentes Extrem\u00f3filas","isPartOf":{"@id":"https:\/\/mentesextremofilas.com\/#website"},"primaryImageOfPage":{"@id":"https:\/\/mentesextremofilas.com\/product\/esu-the-most-misunderstood-entity-in-the-universe#primaryimage"},"image":{"@id":"https:\/\/mentesextremofilas.com\/product\/esu-the-most-misunderstood-entity-in-the-universe#primaryimage"},"thumbnailUrl":"https:\/\/mentesextremofilas.com\/wp-content\/uploads\/IMG-20221024-WA0013.jpg","datePublished":"2022-10-22T19:53:58+00:00","dateModified":"2024-07-06T20:17:46+00:00","breadcrumb":{"@id":"https:\/\/mentesextremofilas.com\/product\/esu-the-most-misunderstood-entity-in-the-universe#breadcrumb"},"inLanguage":"en-US","potentialAction":[{"@type":"ReadAction","target":["https:\/\/mentesextremofilas.com\/product\/esu-the-most-misunderstood-entity-in-the-universe"]}]},{"@type":"ImageObject","inLanguage":"en-US","@id":"https:\/\/mentesextremofilas.com\/product\/esu-the-most-misunderstood-entity-in-the-universe#primaryimage","url":"https:\/\/mentesextremofilas.com\/wp-content\/uploads\/IMG-20221024-WA0013.jpg","contentUrl":"https:\/\/mentesextremofilas.com\/wp-content\/uploads\/IMG-20221024-WA0013.jpg","width":1280,"height":1217,"caption":"Esu: The Most Misunderstood Entity in the Universe"},{"@type":"BreadcrumbList","@id":"https:\/\/mentesextremofilas.com\/product\/esu-the-most-misunderstood-entity-in-the-universe#breadcrumb","itemListElement":[{"@type":"ListItem","position":1,"name":"Home","item":"https:\/\/mentesextremofilas.com\/"},{"@type":"ListItem","position":2,"name":"Tienda","item":"https:\/\/mentesextremofilas.com\/shop"},{"@type":"ListItem","position":3,"name":"Esu: The Most Misunderstood Entity in the Universe (English Edition)"}]},{"@type":"WebSite","@id":"https:\/\/mentesextremofilas.com\/#website","url":"https:\/\/mentesextremofilas.com\/","name":"Mentes Extrem\u00f3filas","description":"Mentes que se adaptan a las condiciones m\u00e1s extremas de la imaginaci\u00f3n","potentialAction":[{"@type":"SearchAction","target":{"@type":"EntryPoint","urlTemplate":"https:\/\/mentesextremofilas.com\/?s={search_term_string}"},"query-input":{"@type":"PropertyValueSpecification","valueRequired":true,"valueName":"search_term_string"}}],"inLanguage":"en-US"}]}},"_links":{"self":[{"href":"https:\/\/mentesextremofilas.com\/en\/wp-json\/wp\/v2\/product\/3149","targetHints":{"allow":["GET"]}}],"collection":[{"href":"https:\/\/mentesextremofilas.com\/en\/wp-json\/wp\/v2\/product"}],"about":[{"href":"https:\/\/mentesextremofilas.com\/en\/wp-json\/wp\/v2\/types\/product"}],"wp:featuredmedia":[{"embeddable":true,"href":"https:\/\/mentesextremofilas.com\/en\/wp-json\/wp\/v2\/media\/3157"}],"wp:attachment":[{"href":"https:\/\/mentesextremofilas.com\/en\/wp-json\/wp\/v2\/media?parent=3149"}],"wp:term":[{"taxonomy":"product_brand","embeddable":true,"href":"https:\/\/mentesextremofilas.com\/en\/wp-json\/wp\/v2\/product_brand?post=3149"},{"taxonomy":"product_cat","embeddable":true,"href":"https:\/\/mentesextremofilas.com\/en\/wp-json\/wp\/v2\/product_cat?post=3149"},{"taxonomy":"product_tag","embeddable":true,"href":"https:\/\/mentesextremofilas.com\/en\/wp-json\/wp\/v2\/product_tag?post=3149"}],"curies":[{"name":"wp","href":"https:\/\/api.w.org\/{rel}","templated":true}]}}