{"id":2336,"date":"2021-06-14T22:26:00","date_gmt":"2021-06-15T02:26:00","guid":{"rendered":"https:\/\/mentesextremofilas.com\/?post_type=product&#038;p=2336"},"modified":"2024-12-04T16:48:41","modified_gmt":"2024-12-04T20:48:41","slug":"365","status":"publish","type":"product","link":"https:\/\/mentesextremofilas.com\/en\/product\/365","title":{"rendered":"365 &#8211; Eddaviel"},"content":{"rendered":"<p><i>365 is an Illustrated book without words created by Eddaviel<\/i><\/p>\n<p><i>Large, extravagant, wildly inventive, and harboring everywhere in it, vast shoals of Caribbean futurism full of imagination and fantasy. On every page, the world overlaps with the imaginary in a most colorful weave. Days and nights of hard life and hard love, constantly collapsing and rebirthing. Welcome to the bit\u00e1cora of Eddaviel\u2019s ultrasonic trip through an archipelago of solitude and a multitude of tropical wormholes.<\/i><\/p>\n<p><i>Rey Annd\u00fajar<\/i><\/p>\n<p><i>365 d\u00edas en el inconsciente colectivo de Eddaviel. 365 d\u00edas entre sus s\u00edmbolos, sus m\u00faltiples egos y una prolongada erecci\u00f3n.<\/i><\/p>\n<p><i>Odilius Vlak<\/i><\/p>\n<p><i>On a tous r\u00eav\u00e9 d\u2019entrer dans la t\u00eate des artistes qu\u2019on aime, seulement ce genre d\u2019effraction, techniquement complexe, reste encore s\u00e9v\u00e8rement puni par la loi. Eddaviel nous \u00e9pargne de s\u00e9rieux probl\u00e8mes avec la police en nous invitant gracieusement \u00e0 passer un an dans les m\u00e9andres de son cerveau. 365 jours d\u2019un captivant voyage en images dans ses pens\u00e9es kal\u00e9idoscop\u00e9es, sans filtre, au fil de son trait de crayon tant\u00f4t aventurier, sensuel, dr\u00f4le, effrayant ou mystique<\/i><\/p>\n<p><i>Keyvan Sayar<\/i><\/p>","protected":false},"excerpt":{"rendered":"<p><i>Artbook: 365 Sketches by Eddaviel<\/i><\/p>\n<p><a class=\"button alt\" style=\"width: 100%; margin-bottom: 5px;\" href=\"https:\/\/www.amazon.com\/365-Eddaviel-Montero-ebook\/dp\/B091V16S8Y\/ref=tmm_kin_swatch_0?_encoding=UTF8&amp;qid=1624209047&amp;sr=8-2\" target=\"_blank\" rel=\"noopener\">Kindle US$9.99<\/a><br \/>\n<a class=\"button alt\" style=\"width: 100%; margin-bottom: 5px;\" href=\"https:\/\/www.amazon.com\/365-Eddaviel-Montero\/dp\/B092P9NTN5\/ref=tmm_pap_swatch_0?_encoding=UTF8&amp;qid=1624209047&amp;sr=8-2\" target=\"_blank\" rel=\"noopener\">Paperback US$55.55<\/a><\/p>\n\n<p>&nbsp;<\/p>","protected":false},"featured_media":2360,"template":"","meta":{"_et_pb_use_builder":"off","_et_pb_old_content":"<i>365 is an Illustrated book without words created by Eddaviel<\/i>\r\n\r\n<i>Large, extravagant, wildly inventive, and harboring everywhere in it, vast shoals of Caribbean futurism full of imagination and fantasy. On every page, the world overlaps with the imaginary in a most colorful weave. Days and nights of hard life and hard love, constantly collapsing and rebirthing. Welcome to the bit\u00e1cora of Eddaviel\u2019s ultrasonic trip through an archipelago of solitude and a multitude of tropical wormholes.<\/i>\r\n\r\n<i>Rey Annd\u00fajar<\/i>\r\n\r\n<i>365 d\u00edas en el inconsciente colectivo de Eddaviel. 365 d\u00edas entre sus s\u00edmbolos, sus m\u00faltiples egos y una prolongada erecci\u00f3n.<\/i>\r\n\r\n<i>Odilius Vlak<\/i>\r\n\r\n<i>On a tous r\u00eav\u00e9 d'entrer dans la t\u00eate des artistes qu'on aime, seulement ce genre d'effraction, techniquement complexe, reste encore s\u00e9v\u00e8rement puni par la loi. Eddaviel nous \u00e9pargne de s\u00e9rieux probl\u00e8mes avec la police en nous invitant gracieusement \u00e0 passer un an dans les m\u00e9andres de son cerveau. 365 jours d'un captivant voyage en images dans ses pens\u00e9es kal\u00e9idoscop\u00e9es, sans filtre, au fil de son trait de crayon tant\u00f4t aventurier, sensuel, dr\u00f4le, effrayant ou mystique<\/i>\r\n\r\n<i>Keyvan Sayar<\/i>","_et_gb_content_width":""},"product_brand":[],"product_cat":[25],"product_tag":[],"class_list":{"0":"post-2336","1":"product","2":"type-product","3":"status-publish","4":"has-post-thumbnail","6":"product_cat-libros","8":"first","9":"instock","10":"downloadable","11":"virtual","12":"taxable","13":"product-type-simple"},"yoast_head":"<!-- This site is optimized with the Yoast SEO plugin v27.1.1 - https:\/\/yoast.com\/product\/yoast-seo-wordpress\/ -->\n<title>365 - Eddaviel - Mentes Extrem\u00f3filas<\/title>\n<meta name=\"robots\" content=\"index, follow, max-snippet:-1, max-image-preview:large, max-video-preview:-1\" \/>\n<link rel=\"canonical\" href=\"https:\/\/mentesextremofilas.com\/en\/product\/365\/\" \/>\n<meta property=\"og:locale\" content=\"en_US\" \/>\n<meta property=\"og:type\" content=\"article\" \/>\n<meta property=\"og:title\" content=\"365 - Eddaviel - Mentes Extrem\u00f3filas\" \/>\n<meta property=\"og:description\" content=\"Libro de arte: 365 visiones de Eddaviel  Kindle US$9.99 Paperback US$55.55    &nbsp;\" \/>\n<meta property=\"og:url\" content=\"https:\/\/mentesextremofilas.com\/en\/product\/365\/\" \/>\n<meta property=\"og:site_name\" content=\"Mentes Extrem\u00f3filas\" \/>\n<meta property=\"article:modified_time\" content=\"2024-12-04T20:48:41+00:00\" \/>\n<meta property=\"og:image\" content=\"https:\/\/mentesextremofilas.com\/wp-content\/uploads\/42114CE1-BA1A-447C-BDDB-25620FF35F05.jpeg\" \/>\n\t<meta property=\"og:image:width\" content=\"1280\" \/>\n\t<meta property=\"og:image:height\" content=\"1217\" \/>\n\t<meta property=\"og:image:type\" content=\"image\/jpeg\" \/>\n<meta name=\"twitter:card\" content=\"summary_large_image\" \/>\n<meta name=\"twitter:label1\" content=\"Est. reading time\" \/>\n\t<meta name=\"twitter:data1\" content=\"1 minute\" \/>\n<script type=\"application\/ld+json\" class=\"yoast-schema-graph\">{\"@context\":\"https:\/\/schema.org\",\"@graph\":[{\"@type\":\"WebPage\",\"@id\":\"https:\/\/mentesextremofilas.com\/product\/365\",\"url\":\"https:\/\/mentesextremofilas.com\/product\/365\",\"name\":\"365 - Eddaviel - Mentes Extrem\u00f3filas\",\"isPartOf\":{\"@id\":\"https:\/\/mentesextremofilas.com\/#website\"},\"primaryImageOfPage\":{\"@id\":\"https:\/\/mentesextremofilas.com\/product\/365#primaryimage\"},\"image\":{\"@id\":\"https:\/\/mentesextremofilas.com\/product\/365#primaryimage\"},\"thumbnailUrl\":\"https:\/\/mentesextremofilas.com\/wp-content\/uploads\/42114CE1-BA1A-447C-BDDB-25620FF35F05.jpeg\",\"datePublished\":\"2021-06-15T02:26:00+00:00\",\"dateModified\":\"2024-12-04T20:48:41+00:00\",\"breadcrumb\":{\"@id\":\"https:\/\/mentesextremofilas.com\/product\/365#breadcrumb\"},\"inLanguage\":\"en-US\",\"potentialAction\":[{\"@type\":\"ReadAction\",\"target\":[\"https:\/\/mentesextremofilas.com\/product\/365\"]}]},{\"@type\":\"ImageObject\",\"inLanguage\":\"en-US\",\"@id\":\"https:\/\/mentesextremofilas.com\/product\/365#primaryimage\",\"url\":\"https:\/\/mentesextremofilas.com\/wp-content\/uploads\/42114CE1-BA1A-447C-BDDB-25620FF35F05.jpeg\",\"contentUrl\":\"https:\/\/mentesextremofilas.com\/wp-content\/uploads\/42114CE1-BA1A-447C-BDDB-25620FF35F05.jpeg\",\"width\":1280,\"height\":1217},{\"@type\":\"BreadcrumbList\",\"@id\":\"https:\/\/mentesextremofilas.com\/product\/365#breadcrumb\",\"itemListElement\":[{\"@type\":\"ListItem\",\"position\":1,\"name\":\"Home\",\"item\":\"https:\/\/mentesextremofilas.com\/\"},{\"@type\":\"ListItem\",\"position\":2,\"name\":\"Tienda\",\"item\":\"https:\/\/mentesextremofilas.com\/shop\"},{\"@type\":\"ListItem\",\"position\":3,\"name\":\"365 &#8211; Eddaviel\"}]},{\"@type\":\"WebSite\",\"@id\":\"https:\/\/mentesextremofilas.com\/#website\",\"url\":\"https:\/\/mentesextremofilas.com\/\",\"name\":\"Mentes Extrem\u00f3filas\",\"description\":\"Mentes que se adaptan a las condiciones m\u00e1s extremas de la imaginaci\u00f3n\",\"potentialAction\":[{\"@type\":\"SearchAction\",\"target\":{\"@type\":\"EntryPoint\",\"urlTemplate\":\"https:\/\/mentesextremofilas.com\/?s={search_term_string}\"},\"query-input\":{\"@type\":\"PropertyValueSpecification\",\"valueRequired\":true,\"valueName\":\"search_term_string\"}}],\"inLanguage\":\"en-US\"}]}<\/script>\n<!-- \/ Yoast SEO plugin. -->","yoast_head_json":{"title":"365 - Eddaviel - Mentes Extrem\u00f3filas","robots":{"index":"index","follow":"follow","max-snippet":"max-snippet:-1","max-image-preview":"max-image-preview:large","max-video-preview":"max-video-preview:-1"},"canonical":"https:\/\/mentesextremofilas.com\/en\/product\/365\/","og_locale":"en_US","og_type":"article","og_title":"365 - Eddaviel - Mentes Extrem\u00f3filas","og_description":"Libro de arte: 365 visiones de Eddaviel  Kindle US$9.99 Paperback US$55.55    &nbsp;","og_url":"https:\/\/mentesextremofilas.com\/en\/product\/365\/","og_site_name":"Mentes Extrem\u00f3filas","article_modified_time":"2024-12-04T20:48:41+00:00","og_image":[{"width":1280,"height":1217,"url":"https:\/\/mentesextremofilas.com\/wp-content\/uploads\/42114CE1-BA1A-447C-BDDB-25620FF35F05.jpeg","type":"image\/jpeg"}],"twitter_card":"summary_large_image","twitter_misc":{"Est. reading time":"1 minute"},"schema":{"@context":"https:\/\/schema.org","@graph":[{"@type":"WebPage","@id":"https:\/\/mentesextremofilas.com\/product\/365","url":"https:\/\/mentesextremofilas.com\/product\/365","name":"365 - Eddaviel - Mentes Extrem\u00f3filas","isPartOf":{"@id":"https:\/\/mentesextremofilas.com\/#website"},"primaryImageOfPage":{"@id":"https:\/\/mentesextremofilas.com\/product\/365#primaryimage"},"image":{"@id":"https:\/\/mentesextremofilas.com\/product\/365#primaryimage"},"thumbnailUrl":"https:\/\/mentesextremofilas.com\/wp-content\/uploads\/42114CE1-BA1A-447C-BDDB-25620FF35F05.jpeg","datePublished":"2021-06-15T02:26:00+00:00","dateModified":"2024-12-04T20:48:41+00:00","breadcrumb":{"@id":"https:\/\/mentesextremofilas.com\/product\/365#breadcrumb"},"inLanguage":"en-US","potentialAction":[{"@type":"ReadAction","target":["https:\/\/mentesextremofilas.com\/product\/365"]}]},{"@type":"ImageObject","inLanguage":"en-US","@id":"https:\/\/mentesextremofilas.com\/product\/365#primaryimage","url":"https:\/\/mentesextremofilas.com\/wp-content\/uploads\/42114CE1-BA1A-447C-BDDB-25620FF35F05.jpeg","contentUrl":"https:\/\/mentesextremofilas.com\/wp-content\/uploads\/42114CE1-BA1A-447C-BDDB-25620FF35F05.jpeg","width":1280,"height":1217},{"@type":"BreadcrumbList","@id":"https:\/\/mentesextremofilas.com\/product\/365#breadcrumb","itemListElement":[{"@type":"ListItem","position":1,"name":"Home","item":"https:\/\/mentesextremofilas.com\/"},{"@type":"ListItem","position":2,"name":"Tienda","item":"https:\/\/mentesextremofilas.com\/shop"},{"@type":"ListItem","position":3,"name":"365 &#8211; Eddaviel"}]},{"@type":"WebSite","@id":"https:\/\/mentesextremofilas.com\/#website","url":"https:\/\/mentesextremofilas.com\/","name":"Mentes Extrem\u00f3filas","description":"Mentes que se adaptan a las condiciones m\u00e1s extremas de la imaginaci\u00f3n","potentialAction":[{"@type":"SearchAction","target":{"@type":"EntryPoint","urlTemplate":"https:\/\/mentesextremofilas.com\/?s={search_term_string}"},"query-input":{"@type":"PropertyValueSpecification","valueRequired":true,"valueName":"search_term_string"}}],"inLanguage":"en-US"}]}},"_links":{"self":[{"href":"https:\/\/mentesextremofilas.com\/en\/wp-json\/wp\/v2\/product\/2336","targetHints":{"allow":["GET"]}}],"collection":[{"href":"https:\/\/mentesextremofilas.com\/en\/wp-json\/wp\/v2\/product"}],"about":[{"href":"https:\/\/mentesextremofilas.com\/en\/wp-json\/wp\/v2\/types\/product"}],"wp:featuredmedia":[{"embeddable":true,"href":"https:\/\/mentesextremofilas.com\/en\/wp-json\/wp\/v2\/media\/2360"}],"wp:attachment":[{"href":"https:\/\/mentesextremofilas.com\/en\/wp-json\/wp\/v2\/media?parent=2336"}],"wp:term":[{"taxonomy":"product_brand","embeddable":true,"href":"https:\/\/mentesextremofilas.com\/en\/wp-json\/wp\/v2\/product_brand?post=2336"},{"taxonomy":"product_cat","embeddable":true,"href":"https:\/\/mentesextremofilas.com\/en\/wp-json\/wp\/v2\/product_cat?post=2336"},{"taxonomy":"product_tag","embeddable":true,"href":"https:\/\/mentesextremofilas.com\/en\/wp-json\/wp\/v2\/product_tag?post=2336"}],"curies":[{"name":"wp","href":"https:\/\/api.w.org\/{rel}","templated":true}]}}