{"id":4056,"date":"2024-08-25T23:48:50","date_gmt":"2024-08-26T03:48:50","guid":{"rendered":"https:\/\/mentesextremofilas.com\/?page_id=4056"},"modified":"2025-08-07T00:19:21","modified_gmt":"2025-08-07T04:19:21","slug":"somnium-support","status":"publish","type":"page","link":"https:\/\/mentesextremofilas.com\/en\/get-involved\/somnium-support","title":{"rendered":"Somnium-Support"},"content":{"rendered":"[et_pb_section fb_built=\u00bb1&#8243; fullwidth=\u00bbon\u00bb _builder_version=\u00bb4.9.4&#8243; _module_preset=\u00bbdefault\u00bb][et_pb_fullwidth_image src=\u00bbhttps:\/\/mentesextremofilas.com\/wp-content\/uploads\/WhatsApp-Image-2025-06-22-at-12.27.08.jpeg\u00bb title_text=\u00bbHero Banner 2&#8243; _builder_version=\u00bb4.9.4&#8243; _module_preset=\u00bbdefault\u00bb][\/et_pb_fullwidth_image][et_pb_fullwidth_code _builder_version=\u00bb4.9.4&#8243; _module_preset=\u00bbdefault\u00bb custom_padding=\u00bb0px||||false|false\u00bb]<style><!-- [et_pb_line_break_holder] -->    #menu-toggle {<!-- [et_pb_line_break_holder] -->        display: none;<!-- [et_pb_line_break_holder] -->    }<!-- [et_pb_line_break_holder] --><!-- [et_pb_line_break_holder] -->    .menu-label {<!-- [et_pb_line_break_holder] -->        display: none;<!-- [et_pb_line_break_holder] -->    }<!-- [et_pb_line_break_holder] --><!-- [et_pb_line_break_holder] -->    .tab-menu {<!-- [et_pb_line_break_holder] -->        display: flex;<!-- [et_pb_line_break_holder] -->        border-bottom: 2px solid #ccc;<!-- [et_pb_line_break_holder] -->        margin-bottom: 20px;<!-- [et_pb_line_break_holder] -->        flex-wrap: wrap;<!-- [et_pb_line_break_holder] -->    }<!-- [et_pb_line_break_holder] --><!-- [et_pb_line_break_holder] -->    .tab-menu a {<!-- [et_pb_line_break_holder] -->        flex: 1;<!-- [et_pb_line_break_holder] -->        padding: 10px 0;<!-- [et_pb_line_break_holder] -->        text-align: center;<!-- [et_pb_line_break_holder] -->        text-decoration: none;<!-- [et_pb_line_break_holder] -->        color: #fff;<!-- [et_pb_line_break_holder] -->        background-color: #000;<!-- [et_pb_line_break_holder] -->        border: 2px solid transparent;<!-- [et_pb_line_break_holder] -->        border-bottom: none;<!-- [et_pb_line_break_holder] -->        cursor: pointer;<!-- [et_pb_line_break_holder] -->    }<!-- [et_pb_line_break_holder] --><!-- [et_pb_line_break_holder] -->    .tab-menu a:hover {<!-- [et_pb_line_break_holder] -->        background-color: #444;<!-- [et_pb_line_break_holder] -->        border: 2px solid #444;<!-- [et_pb_line_break_holder] -->        border-bottom: none;<!-- [et_pb_line_break_holder] -->    }<!-- [et_pb_line_break_holder] --><!-- [et_pb_line_break_holder] -->    \/* Mobile Styles *\/<!-- [et_pb_line_break_holder] -->    @media (max-width: 768px) {<!-- [et_pb_line_break_holder] -->        .menu-label {<!-- [et_pb_line_break_holder] -->            display: flex;<!-- [et_pb_line_break_holder] -->          \tjustify-content: center;<!-- [et_pb_line_break_holder] -->          \talign-items: center;<!-- [et_pb_line_break_holder] -->            background-color: #000;<!-- [et_pb_line_break_holder] -->            color: #fff;<!-- [et_pb_line_break_holder] -->            padding: 10px;<!-- [et_pb_line_break_holder] -->            text-align: center;<!-- [et_pb_line_break_holder] -->            cursor: pointer;<!-- [et_pb_line_break_holder] -->        }<!-- [et_pb_line_break_holder] --><!-- [et_pb_line_break_holder] -->        .tab-menu {<!-- [et_pb_line_break_holder] -->            display: none;<!-- [et_pb_line_break_holder] -->            flex-direction: column;<!-- [et_pb_line_break_holder] -->            border-bottom: none;<!-- [et_pb_line_break_holder] -->        }<!-- [et_pb_line_break_holder] --><!-- [et_pb_line_break_holder] -->        #menu-toggle:checked+.menu-label+.tab-menu {<!-- [et_pb_line_break_holder] -->            display: flex;<!-- [et_pb_line_break_holder] -->        }<!-- [et_pb_line_break_holder] --><!-- [et_pb_line_break_holder] -->        .tab-menu a {<!-- [et_pb_line_break_holder] -->            border-bottom: 2px solid #ccc;<!-- [et_pb_line_break_holder] -->            border-right: none;<!-- [et_pb_line_break_holder] -->        }<!-- [et_pb_line_break_holder] --><!-- [et_pb_line_break_holder] -->        .tab-menu a:last-child {<!-- [et_pb_line_break_holder] -->            border-bottom: none;<!-- [et_pb_line_break_holder] -->        }<!-- [et_pb_line_break_holder] -->    }<!-- [et_pb_line_break_holder] --><\/style><!-- [et_pb_line_break_holder] --><!-- [et_pb_line_break_holder] --><!-- [et_pb_line_break_holder] --><!-- [et_pb_line_break_holder] --><!-- [et_pb_line_break_holder] --><!-- [et_pb_line_break_holder] --><input id=\"menu-toggle\" type=\"checkbox\" \/><!-- [et_pb_line_break_holder] --><label class=\"menu-label\" for=\"menu-toggle\"><span class=\"mobile_menu_bar\"><\/span> Explore Somnium<\/label><!-- [et_pb_line_break_holder] --><!-- [et_pb_line_break_holder] --><!-- [et_pb_line_break_holder] --><!-- [et_pb_line_break_holder] --><div class=\"tab-menu\"><!-- [et_pb_line_break_holder] --> <a class=\"active\" href=\"https:\/\/mentesextremofilas.com\/en\/somnium#about\">About<\/a><!-- [et_pb_line_break_holder] --> <a href=\"https:\/\/mentesextremofilas.com\/en\/somnium#tickets\">Tickets<\/a><!-- [et_pb_line_break_holder] --> <a href=\"https:\/\/mentesextremofilas.com\/en\/somnium#book\">Book<\/a><!-- [et_pb_line_break_holder] --> <a href=\"https:\/\/mentesextremofilas.com\/en\/somnium#team\">Team<\/a><!-- [et_pb_line_break_holder] --> <a href=\"https:\/\/mentesextremofilas.com\/en\/art-camp\">ArtCamp<\/a><!-- [et_pb_line_break_holder] --> <a href=\"https:\/\/mentesextremofilas.com\/get-involved\">Get Involved<\/a><!-- [et_pb_line_break_holder] --><\/div>[\/et_pb_fullwidth_code][\/et_pb_section][et_pb_section fb_built=\u00bb1&#8243; _builder_version=\u00bb4.9.4&#8243; _module_preset=\u00bbdefault\u00bb custom_padding=\u00bb0px||0px||false|false\u00bb][et_pb_row _builder_version=\u00bb4.9.4&#8243; _module_preset=\u00bbdefault\u00bb][et_pb_column type=\u00bb4_4&#8243; _builder_version=\u00bb4.9.4&#8243; _module_preset=\u00bbdefault\u00bb][et_pb_text _builder_version=\u00bb4.9.4&#8243; _module_preset=\u00bbdefault\u00bb]<p><img loading=\"lazy\" decoding=\"async\" src=\"https:\/\/mentesextremofilas.com\/wp-content\/uploads\/SOMNIUM_TEAM.png\" width=\"1920\" height=\"174\" alt=\"\" class=\"wp-image-6761 alignnone size-full\" \/><\/p>\n<h3 style=\"text-align: center;\"><span style=\"vertical-align: inherit;\">Bring the dream of Somnium to life<\/span><\/h3>\n<p style=\"text-align: center;\"><span style=\"vertical-align: inherit;\">Your sponsorship or donation helps cultivate a world of stories and imagination. <\/span><\/p>\n<p style=\"text-align: center;\"><span style=\"vertical-align: inherit;\">Be part of something extraordinary!<\/span><\/p>\n<h3 style=\"text-align: center;\"><span style=\"font-weight: 400;\"><span style=\"vertical-align: inherit;\"><span style=\"vertical-align: inherit;\"><span style=\"vertical-align: inherit;\"><span style=\"vertical-align: inherit;\"><span style=\"vertical-align: inherit;\"><span style=\"vertical-align: inherit;\"><span style=\"vertical-align: inherit;\"><span style=\"vertical-align: inherit;\"><span style=\"vertical-align: inherit;\"><span style=\"vertical-align: inherit;\"><span style=\"vertical-align: inherit;\"><span style=\"vertical-align: inherit;\">Our journey together will inspire, connect, and captivate.<\/span><\/span><\/span><\/span><\/span><\/span><\/span><\/span><\/span><\/span><\/span><\/span><\/span><\/h3>\n<p><\/p>[\/et_pb_text][\/et_pb_column][\/et_pb_row][et_pb_row _builder_version=\u00bb4.9.4&#8243; _module_preset=\u00bbdefault\u00bb][et_pb_column type=\u00bb4_4&#8243; _builder_version=\u00bb4.9.4&#8243; _module_preset=\u00bbdefault\u00bb][et_pb_shop type=\u00bbproduct_category\u00bb posts_number=\u00bb6&#8243; include_categories=\u00bb98&#8243; columns_number=\u00bb3&#8243; orderby=\u00bbprice-desc\u00bb _builder_version=\u00bb4.9.4&#8243; _module_preset=\u00bbdefault\u00bb][\/et_pb_shop][\/et_pb_column][\/et_pb_row][et_pb_row _builder_version=\u00bb4.9.4&#8243; _module_preset=\u00bbdefault\u00bb][et_pb_column type=\u00bb4_4&#8243; _builder_version=\u00bb4.9.4&#8243; _module_preset=\u00bbdefault\u00bb][et_pb_text module_id=\u00bbtickets\u00bb _builder_version=\u00bb4.9.4&#8243; _module_preset=\u00bbdefault\u00bb custom_padding=\u00bb12px|||||\u00bb]<h2 style=\"text-align: center;\">Do You Want to give in another way?<\/h2>\n<h4 style=\"text-align: center;\"><span style=\"vertical-align: inherit;\"><span style=\"vertical-align: inherit;\"><span style=\"vertical-align: inherit;\"><span style=\"vertical-align: inherit;\"><span style=\"vertical-align: inherit;\"><span style=\"vertical-align: inherit;\"><\/span><\/span><\/span><\/span><\/span><\/span><\/h4>\n<h4 style=\"text-align: center;\"><span style=\"vertical-align: inherit;\"><span style=\"vertical-align: inherit;\"><span style=\"vertical-align: inherit;\"><span style=\"vertical-align: inherit;\"><span style=\"vertical-align: inherit;\"><span style=\"vertical-align: inherit;\">Make an individual contribution of any amount here<\/span><\/span><\/span><\/span><\/span><\/span><\/h4>\n<p>&nbsp;<\/p>[\/et_pb_text][et_pb_button button_url=\u00bbhttps:\/\/square.link\/u\/9mnViVQp\u00bb button_text=\u00bbIndividual Donation\u00bb button_alignment=\u00bbcenter\u00bb _builder_version=\u00bb4.9.4&#8243; _module_preset=\u00bbdefault\u00bb][\/et_pb_button][\/et_pb_column][\/et_pb_row][et_pb_row _builder_version=\u00bb4.9.4&#8243; _module_preset=\u00bbdefault\u00bb][et_pb_column type=\u00bb4_4&#8243; _builder_version=\u00bb4.9.4&#8243; _module_preset=\u00bbdefault\u00bb][et_pb_text _builder_version=\u00bb4.9.4&#8243; _module_preset=\u00bbdefault\u00bb]<p style=\"text-align: center;\">Somnium is a Mentes Extrem\u00f3filas production supported by<\/p>[\/et_pb_text][\/et_pb_column][\/et_pb_row][et_pb_row _builder_version=\u00bb4.9.4&#8243; _module_preset=\u00bbdefault\u00bb][et_pb_column type=\u00bb4_4&#8243; _builder_version=\u00bb4.9.4&#8243; _module_preset=\u00bbdefault\u00bb][et_pb_image src=\u00bbhttps:\/\/mentesextremofilas.com\/wp-content\/uploads\/LOGOS-2.jpg\u00bb title_text=\u00bbLOGOS 2&#8243; _builder_version=\u00bb4.9.4&#8243; _module_preset=\u00bbdefault\u00bb hover_enabled=\u00bb0&#8243; sticky_enabled=\u00bb0&#8243;][\/et_pb_image][\/et_pb_column][\/et_pb_row][\/et_pb_section]<!-- \/wp:post-content -->","protected":false},"excerpt":{"rendered":"<p>[et_pb_section fb_built=\u00bb1&#8243; fullwidth=\u00bbon\u00bb _builder_version=\u00bb4.9.4&#8243; _module_preset=\u00bbdefault\u00bb][et_pb_fullwidth_image src=\u00bbhttps:\/\/mentesextremofilas.com\/wp-content\/uploads\/WhatsApp-Image-2025-06-22-at-12.27.08.jpeg\u00bb title_text=\u00bbHero Banner 2&#8243; _builder_version=\u00bb4.9.4&#8243; _module_preset=\u00bbdefault\u00bb][\/et_pb_fullwidth_image][et_pb_fullwidth_code _builder_version=\u00bb4.9.4&#8243; _module_preset=\u00bbdefault\u00bb custom_padding=\u00bb0px||||false|false\u00bb] Explore Somnium About Tickets Book Team ArtCamp Get Involved [\/et_pb_fullwidth_code][\/et_pb_section][et_pb_section fb_built=\u00bb1&#8243; _builder_version=\u00bb4.9.4&#8243; _module_preset=\u00bbdefault\u00bb custom_padding=\u00bb0px||0px||false|false\u00bb][et_pb_row _builder_version=\u00bb4.9.4&#8243; _module_preset=\u00bbdefault\u00bb][et_pb_column [&hellip;]<\/p>\n","protected":false},"author":5,"featured_media":0,"parent":3916,"menu_order":0,"comment_status":"closed","ping_status":"closed","template":"","meta":{"_et_pb_use_builder":"on","_et_pb_old_content":"","_et_gb_content_width":"","footnotes":""},"class_list":["post-4056","page","type-page","status-publish","hentry"],"yoast_head":"<!-- This site is optimized with the Yoast SEO plugin v27.1.1 - https:\/\/yoast.com\/product\/yoast-seo-wordpress\/ -->\n<title>Somnium-Support - Mentes Extrem\u00f3filas<\/title>\n<meta name=\"description\" content=\"&quot;Somnium Art Experience - Immersive Art Event in Rockford, IL&quot; &quot;Join the Somnium Art Experience in Rockford, IL. Explore surreal visual art and interactive installations in this immersive, multisensory event. Get tickets now!&quot; Somnium Art ExperienceImmersive art event RockfordRockford art installationsInteractive art show Illinois Multisensory art experienceSurreal art exhibition Rockford Rockford IL art events Art experience tickets RockfordUnique art events Illinois :&quot;Somnium Art &quot;Somnium Art Experience immersive installation Rockford IL &quot;Experience the Surreal at Somnium Art in Rockford, IL &quot; &quot;Discover a world of surreal art and interactive installations at the Somnium Art Experience in Rockford, IL. A must-see event for art lovers and adventurers alike.&quot;\" \/>\n<meta name=\"robots\" content=\"index, follow, max-snippet:-1, max-image-preview:large, max-video-preview:-1\" \/>\n<link rel=\"canonical\" href=\"https:\/\/mentesextremofilas.com\/en\/get-involved\/somnium-support\/\" \/>\n<meta property=\"og:locale\" content=\"en_US\" \/>\n<meta property=\"og:type\" content=\"article\" \/>\n<meta property=\"og:title\" content=\"Somnium-Support - Mentes Extrem\u00f3filas\" \/>\n<meta property=\"og:description\" content=\"&quot;Somnium Art Experience - Immersive Art Event in Rockford, IL&quot; &quot;Join the Somnium Art Experience in Rockford, IL. Explore surreal visual art and interactive installations in this immersive, multisensory event. Get tickets now!&quot; Somnium Art ExperienceImmersive art event RockfordRockford art installationsInteractive art show Illinois Multisensory art experienceSurreal art exhibition Rockford Rockford IL art events Art experience tickets RockfordUnique art events Illinois :&quot;Somnium Art &quot;Somnium Art Experience immersive installation Rockford IL &quot;Experience the Surreal at Somnium Art in Rockford, IL &quot; &quot;Discover a world of surreal art and interactive installations at the Somnium Art Experience in Rockford, IL. A must-see event for art lovers and adventurers alike.&quot;\" \/>\n<meta property=\"og:url\" content=\"https:\/\/mentesextremofilas.com\/en\/get-involved\/somnium-support\/\" \/>\n<meta property=\"og:site_name\" content=\"Mentes Extrem\u00f3filas\" \/>\n<meta property=\"article:modified_time\" content=\"2025-08-07T04:19:21+00:00\" \/>\n<meta property=\"og:image\" content=\"https:\/\/mentesextremofilas.com\/wp-content\/uploads\/Somnium-2024.jpg\" \/>\n\t<meta property=\"og:image:width\" content=\"2048\" \/>\n\t<meta property=\"og:image:height\" content=\"410\" \/>\n\t<meta property=\"og:image:type\" content=\"image\/jpeg\" \/>\n<meta name=\"twitter:card\" content=\"summary_large_image\" \/>\n<meta name=\"twitter:image\" content=\"https:\/\/mentesextremofilas.com\/wp-content\/uploads\/Somnium-2024.jpg\" \/>\n<meta name=\"twitter:label1\" content=\"Est. reading time\" \/>\n\t<meta name=\"twitter:data1\" content=\"3 minutes\" \/>\n<script type=\"application\/ld+json\" class=\"yoast-schema-graph\">{\"@context\":\"https:\/\/schema.org\",\"@graph\":[{\"@type\":\"WebPage\",\"@id\":\"https:\/\/mentesextremofilas.com\/get-involved\/somnium-support\",\"url\":\"https:\/\/mentesextremofilas.com\/get-involved\/somnium-support\",\"name\":\"Somnium-Support - Mentes Extrem\u00f3filas\",\"isPartOf\":{\"@id\":\"https:\/\/mentesextremofilas.com\/#website\"},\"primaryImageOfPage\":{\"@id\":\"https:\/\/mentesextremofilas.com\/get-involved\/somnium-support#primaryimage\"},\"image\":{\"@id\":\"https:\/\/mentesextremofilas.com\/get-involved\/somnium-support#primaryimage\"},\"thumbnailUrl\":\"https:\/\/mentesextremofilas.com\/wp-content\/uploads\/SOMNIUM_TEAM.png\",\"datePublished\":\"2024-08-26T03:48:50+00:00\",\"dateModified\":\"2025-08-07T04:19:21+00:00\",\"description\":\"\\\"Somnium Art Experience - Immersive Art Event in Rockford, IL\\\" \\\"Join the Somnium Art Experience in Rockford, IL. Explore surreal visual art and interactive installations in this immersive, multisensory event. Get tickets now!\\\" Somnium Art ExperienceImmersive art event RockfordRockford art installationsInteractive art show Illinois Multisensory art experienceSurreal art exhibition Rockford Rockford IL art events Art experience tickets RockfordUnique art events Illinois :\\\"Somnium Art \\\"Somnium Art Experience immersive installation Rockford IL \\\"Experience the Surreal at Somnium Art in Rockford, IL \\\" \\\"Discover a world of surreal art and interactive installations at the Somnium Art Experience in Rockford, IL. A must-see event for art lovers and adventurers alike.\\\"\",\"breadcrumb\":{\"@id\":\"https:\/\/mentesextremofilas.com\/get-involved\/somnium-support#breadcrumb\"},\"inLanguage\":\"en-US\",\"potentialAction\":[{\"@type\":\"ReadAction\",\"target\":[\"https:\/\/mentesextremofilas.com\/get-involved\/somnium-support\"]}]},{\"@type\":\"ImageObject\",\"inLanguage\":\"en-US\",\"@id\":\"https:\/\/mentesextremofilas.com\/get-involved\/somnium-support#primaryimage\",\"url\":\"https:\/\/mentesextremofilas.com\/wp-content\/uploads\/SOMNIUM_TEAM.png\",\"contentUrl\":\"https:\/\/mentesextremofilas.com\/wp-content\/uploads\/SOMNIUM_TEAM.png\"},{\"@type\":\"BreadcrumbList\",\"@id\":\"https:\/\/mentesextremofilas.com\/get-involved\/somnium-support#breadcrumb\",\"itemListElement\":[{\"@type\":\"ListItem\",\"position\":1,\"name\":\"Home\",\"item\":\"https:\/\/mentesextremofilas.com\/\"},{\"@type\":\"ListItem\",\"position\":2,\"name\":\"Somnium-Get Involved\",\"item\":\"https:\/\/mentesextremofilas.com\/get-involved\"},{\"@type\":\"ListItem\",\"position\":3,\"name\":\"Somnium-Support\"}]},{\"@type\":\"WebSite\",\"@id\":\"https:\/\/mentesextremofilas.com\/#website\",\"url\":\"https:\/\/mentesextremofilas.com\/\",\"name\":\"Mentes Extrem\u00f3filas\",\"description\":\"Mentes que se adaptan a las condiciones m\u00e1s extremas de la imaginaci\u00f3n\",\"potentialAction\":[{\"@type\":\"SearchAction\",\"target\":{\"@type\":\"EntryPoint\",\"urlTemplate\":\"https:\/\/mentesextremofilas.com\/?s={search_term_string}\"},\"query-input\":{\"@type\":\"PropertyValueSpecification\",\"valueRequired\":true,\"valueName\":\"search_term_string\"}}],\"inLanguage\":\"en-US\"}]}<\/script>\n<!-- \/ Yoast SEO plugin. -->","yoast_head_json":{"title":"Somnium-Support - Mentes Extrem\u00f3filas","description":"\"Somnium Art Experience - Immersive Art Event in Rockford, IL\" \"Join the Somnium Art Experience in Rockford, IL. Explore surreal visual art and interactive installations in this immersive, multisensory event. Get tickets now!\" Somnium Art ExperienceImmersive art event RockfordRockford art installationsInteractive art show Illinois Multisensory art experienceSurreal art exhibition Rockford Rockford IL art events Art experience tickets RockfordUnique art events Illinois :\"Somnium Art \"Somnium Art Experience immersive installation Rockford IL \"Experience the Surreal at Somnium Art in Rockford, IL \" \"Discover a world of surreal art and interactive installations at the Somnium Art Experience in Rockford, IL. A must-see event for art lovers and adventurers alike.\"","robots":{"index":"index","follow":"follow","max-snippet":"max-snippet:-1","max-image-preview":"max-image-preview:large","max-video-preview":"max-video-preview:-1"},"canonical":"https:\/\/mentesextremofilas.com\/en\/get-involved\/somnium-support\/","og_locale":"en_US","og_type":"article","og_title":"Somnium-Support - Mentes Extrem\u00f3filas","og_description":"\"Somnium Art Experience - Immersive Art Event in Rockford, IL\" \"Join the Somnium Art Experience in Rockford, IL. Explore surreal visual art and interactive installations in this immersive, multisensory event. Get tickets now!\" Somnium Art ExperienceImmersive art event RockfordRockford art installationsInteractive art show Illinois Multisensory art experienceSurreal art exhibition Rockford Rockford IL art events Art experience tickets RockfordUnique art events Illinois :\"Somnium Art \"Somnium Art Experience immersive installation Rockford IL \"Experience the Surreal at Somnium Art in Rockford, IL \" \"Discover a world of surreal art and interactive installations at the Somnium Art Experience in Rockford, IL. A must-see event for art lovers and adventurers alike.\"","og_url":"https:\/\/mentesextremofilas.com\/en\/get-involved\/somnium-support\/","og_site_name":"Mentes Extrem\u00f3filas","article_modified_time":"2025-08-07T04:19:21+00:00","og_image":[{"width":2048,"height":410,"url":"https:\/\/mentesextremofilas.com\/wp-content\/uploads\/Somnium-2024.jpg","type":"image\/jpeg"}],"twitter_card":"summary_large_image","twitter_image":"https:\/\/mentesextremofilas.com\/wp-content\/uploads\/Somnium-2024.jpg","twitter_misc":{"Est. reading time":"3 minutes"},"schema":{"@context":"https:\/\/schema.org","@graph":[{"@type":"WebPage","@id":"https:\/\/mentesextremofilas.com\/get-involved\/somnium-support","url":"https:\/\/mentesextremofilas.com\/get-involved\/somnium-support","name":"Somnium-Support - Mentes Extrem\u00f3filas","isPartOf":{"@id":"https:\/\/mentesextremofilas.com\/#website"},"primaryImageOfPage":{"@id":"https:\/\/mentesextremofilas.com\/get-involved\/somnium-support#primaryimage"},"image":{"@id":"https:\/\/mentesextremofilas.com\/get-involved\/somnium-support#primaryimage"},"thumbnailUrl":"https:\/\/mentesextremofilas.com\/wp-content\/uploads\/SOMNIUM_TEAM.png","datePublished":"2024-08-26T03:48:50+00:00","dateModified":"2025-08-07T04:19:21+00:00","description":"\"Somnium Art Experience - Immersive Art Event in Rockford, IL\" \"Join the Somnium Art Experience in Rockford, IL. Explore surreal visual art and interactive installations in this immersive, multisensory event. Get tickets now!\" Somnium Art ExperienceImmersive art event RockfordRockford art installationsInteractive art show Illinois Multisensory art experienceSurreal art exhibition Rockford Rockford IL art events Art experience tickets RockfordUnique art events Illinois :\"Somnium Art \"Somnium Art Experience immersive installation Rockford IL \"Experience the Surreal at Somnium Art in Rockford, IL \" \"Discover a world of surreal art and interactive installations at the Somnium Art Experience in Rockford, IL. A must-see event for art lovers and adventurers alike.\"","breadcrumb":{"@id":"https:\/\/mentesextremofilas.com\/get-involved\/somnium-support#breadcrumb"},"inLanguage":"en-US","potentialAction":[{"@type":"ReadAction","target":["https:\/\/mentesextremofilas.com\/get-involved\/somnium-support"]}]},{"@type":"ImageObject","inLanguage":"en-US","@id":"https:\/\/mentesextremofilas.com\/get-involved\/somnium-support#primaryimage","url":"https:\/\/mentesextremofilas.com\/wp-content\/uploads\/SOMNIUM_TEAM.png","contentUrl":"https:\/\/mentesextremofilas.com\/wp-content\/uploads\/SOMNIUM_TEAM.png"},{"@type":"BreadcrumbList","@id":"https:\/\/mentesextremofilas.com\/get-involved\/somnium-support#breadcrumb","itemListElement":[{"@type":"ListItem","position":1,"name":"Home","item":"https:\/\/mentesextremofilas.com\/"},{"@type":"ListItem","position":2,"name":"Somnium-Get Involved","item":"https:\/\/mentesextremofilas.com\/get-involved"},{"@type":"ListItem","position":3,"name":"Somnium-Support"}]},{"@type":"WebSite","@id":"https:\/\/mentesextremofilas.com\/#website","url":"https:\/\/mentesextremofilas.com\/","name":"Mentes Extrem\u00f3filas","description":"Mentes que se adaptan a las condiciones m\u00e1s extremas de la imaginaci\u00f3n","potentialAction":[{"@type":"SearchAction","target":{"@type":"EntryPoint","urlTemplate":"https:\/\/mentesextremofilas.com\/?s={search_term_string}"},"query-input":{"@type":"PropertyValueSpecification","valueRequired":true,"valueName":"search_term_string"}}],"inLanguage":"en-US"}]}},"_links":{"self":[{"href":"https:\/\/mentesextremofilas.com\/en\/wp-json\/wp\/v2\/pages\/4056","targetHints":{"allow":["GET"]}}],"collection":[{"href":"https:\/\/mentesextremofilas.com\/en\/wp-json\/wp\/v2\/pages"}],"about":[{"href":"https:\/\/mentesextremofilas.com\/en\/wp-json\/wp\/v2\/types\/page"}],"author":[{"embeddable":true,"href":"https:\/\/mentesextremofilas.com\/en\/wp-json\/wp\/v2\/users\/5"}],"replies":[{"embeddable":true,"href":"https:\/\/mentesextremofilas.com\/en\/wp-json\/wp\/v2\/comments?post=4056"}],"version-history":[{"count":5,"href":"https:\/\/mentesextremofilas.com\/en\/wp-json\/wp\/v2\/pages\/4056\/revisions"}],"predecessor-version":[{"id":6833,"href":"https:\/\/mentesextremofilas.com\/en\/wp-json\/wp\/v2\/pages\/4056\/revisions\/6833"}],"up":[{"embeddable":true,"href":"https:\/\/mentesextremofilas.com\/en\/wp-json\/wp\/v2\/pages\/3916"}],"wp:attachment":[{"href":"https:\/\/mentesextremofilas.com\/en\/wp-json\/wp\/v2\/media?parent=4056"}],"curies":[{"name":"wp","href":"https:\/\/api.w.org\/{rel}","templated":true}]}}