{"id":3887,"date":"2024-08-11T16:29:45","date_gmt":"2024-08-11T20:29:45","guid":{"rendered":"https:\/\/mentesextremofilas.com\/?page_id=3887"},"modified":"2025-08-09T12:04:20","modified_gmt":"2025-08-09T16:04:20","slug":"art-camp","status":"publish","type":"page","link":"https:\/\/mentesextremofilas.com\/en\/art-camp","title":{"rendered":"Somnium Art Camp"},"content":{"rendered":"<p>[et_pb_section fb_built=\u00bb1&#8243; fullwidth=\u00bbon\u00bb _builder_version=\u00bb4.9.4&#8243; _module_preset=\u00bbdefault\u00bb][et_pb_fullwidth_image src=\u00bbhttps:\/\/mentesextremofilas.com\/wp-content\/uploads\/ARTCAMP-BANNER-main-page.jpg\u00bb title_text=\u00bbARTCAMP BANNER main page\u00bb _builder_version=\u00bb4.9.4&#8243; _module_preset=\u00bbdefault\u00bb][\/et_pb_fullwidth_image][et_pb_fullwidth_code _builder_version=\u00bb4.9.4&#8243; _module_preset=\u00bbdefault\u00bb custom_padding=\u00bb0px||||false|false\u00bb]<\/p>\n<style><!-- [et_pb_line_break_holder] -->    #menu-toggle {<!-- [et_pb_line_break_holder] -->        display: none;<!-- [et_pb_line_break_holder] -->    }<!-- [et_pb_line_break_holder] --><!-- [et_pb_line_break_holder] -->    .menu-label {<!-- [et_pb_line_break_holder] -->        display: none;<!-- [et_pb_line_break_holder] -->    }<!-- [et_pb_line_break_holder] --><!-- [et_pb_line_break_holder] -->    .tab-menu {<!-- [et_pb_line_break_holder] -->        display: flex;<!-- [et_pb_line_break_holder] -->        border-bottom: 2px solid #ccc;<!-- [et_pb_line_break_holder] -->        margin-bottom: 20px;<!-- [et_pb_line_break_holder] -->        flex-wrap: wrap;<!-- [et_pb_line_break_holder] -->    }<!-- [et_pb_line_break_holder] --><!-- [et_pb_line_break_holder] -->    .tab-menu a {<!-- [et_pb_line_break_holder] -->        flex: 1;<!-- [et_pb_line_break_holder] -->        padding: 10px 0;<!-- [et_pb_line_break_holder] -->        text-align: center;<!-- [et_pb_line_break_holder] -->        text-decoration: none;<!-- [et_pb_line_break_holder] -->        color: #fff;<!-- [et_pb_line_break_holder] -->        background-color: #000;<!-- [et_pb_line_break_holder] -->        border: 2px solid transparent;<!-- [et_pb_line_break_holder] -->        border-bottom: none;<!-- [et_pb_line_break_holder] -->        cursor: pointer;<!-- [et_pb_line_break_holder] -->    }<!-- [et_pb_line_break_holder] --><!-- [et_pb_line_break_holder] -->    .tab-menu a:hover {<!-- [et_pb_line_break_holder] -->        background-color: #444;<!-- [et_pb_line_break_holder] -->        border: 2px solid #444;<!-- [et_pb_line_break_holder] -->        border-bottom: none;<!-- [et_pb_line_break_holder] -->    }<!-- [et_pb_line_break_holder] --><!-- [et_pb_line_break_holder] -->    \/* Mobile Styles *\/<!-- [et_pb_line_break_holder] -->    @media (max-width: 768px) {<!-- [et_pb_line_break_holder] -->        .menu-label {<!-- [et_pb_line_break_holder] -->            display: flex;<!-- [et_pb_line_break_holder] -->          \tjustify-content: center;<!-- [et_pb_line_break_holder] -->          \talign-items: center;<!-- [et_pb_line_break_holder] -->            background-color: #000;<!-- [et_pb_line_break_holder] -->            color: #fff;<!-- [et_pb_line_break_holder] -->            padding: 10px;<!-- [et_pb_line_break_holder] -->            text-align: center;<!-- [et_pb_line_break_holder] -->            cursor: pointer;<!-- [et_pb_line_break_holder] -->        }<!-- [et_pb_line_break_holder] --><!-- [et_pb_line_break_holder] -->        .tab-menu {<!-- [et_pb_line_break_holder] -->            display: none;<!-- [et_pb_line_break_holder] -->            flex-direction: column;<!-- [et_pb_line_break_holder] -->            border-bottom: none;<!-- [et_pb_line_break_holder] -->        }<!-- [et_pb_line_break_holder] --><!-- [et_pb_line_break_holder] -->        #menu-toggle:checked+.menu-label+.tab-menu {<!-- [et_pb_line_break_holder] -->            display: flex;<!-- [et_pb_line_break_holder] -->        }<!-- [et_pb_line_break_holder] --><!-- [et_pb_line_break_holder] -->        .tab-menu a {<!-- [et_pb_line_break_holder] -->            border-bottom: 2px solid #ccc;<!-- [et_pb_line_break_holder] -->            border-right: none;<!-- [et_pb_line_break_holder] -->        }<!-- [et_pb_line_break_holder] --><!-- [et_pb_line_break_holder] -->        .tab-menu a:last-child {<!-- [et_pb_line_break_holder] -->            border-bottom: none;<!-- [et_pb_line_break_holder] -->        }<!-- [et_pb_line_break_holder] -->    }<!-- [et_pb_line_break_holder] --><\/style>\n<p><!-- [et_pb_line_break_holder] --><pee><!-- [et_pb_line_break_holder] --><!-- [et_pb_line_break_holder] --><!-- [et_pb_line_break_holder] --><!-- [et_pb_line_break_holder] --><!-- [et_pb_line_break_holder] --><!-- [et_pb_line_break_holder] --><input id=\"menu-toggle\" type=\"checkbox\" \/><!-- [et_pb_line_break_holder] --><label class=\"menu-label\" for=\"menu-toggle\"><span class=\"mobile_menu_bar\"><\/span> Explore Somnium<\/label><!-- [et_pb_line_break_holder] --><!-- [et_pb_line_break_holder] --><!-- [et_pb_line_break_holder] --><!-- [et_pb_line_break_holder] --><\/pee><!-- [et_pb_line_break_holder] --><\/p>\n<div class=\"tab-menu\"><!-- [et_pb_line_break_holder] --> <a class=\"active\" href=\"https:\/\/mentesextremofilas.com\/en\/somnium#about\">About<\/a><!-- [et_pb_line_break_holder] --> <a href=\"https:\/\/mentesextremofilas.com\/en\/somnium#tickets\">Tickets<\/a><!-- [et_pb_line_break_holder] --> <a href=\"https:\/\/mentesextremofilas.com\/en\/somnium#book\">Book<\/a><!-- [et_pb_line_break_holder] --> <a href=\"https:\/\/mentesextremofilas.com\/en\/somnium#team\">Team<\/a><!-- [et_pb_line_break_holder] --> <a href=\"https:\/\/mentesextremofilas.com\/en\/art-camp\">ArtCamp<\/a><!-- [et_pb_line_break_holder] --> <a href=\"https:\/\/mentesextremofilas.com\/get-involved\">Get Involved<\/a><!-- [et_pb_line_break_holder] --><\/div>\n<p>[\/et_pb_fullwidth_code][\/et_pb_section][et_pb_section fb_built=\u00bb1&#8243; _builder_version=\u00bb4.9.4&#8243; _module_preset=\u00bbdefault\u00bb custom_padding=\u00bb0px||0px||false|false\u00bb][et_pb_row _builder_version=\u00bb4.9.4&#8243; _module_preset=\u00bbdefault\u00bb custom_padding=\u00bb0px|0px|||false|false\u00bb][et_pb_column type=\u00bb4_4&#8243; _builder_version=\u00bb4.9.4&#8243; _module_preset=\u00bbdefault\u00bb][et_pb_text _builder_version=\u00bb4.9.4&#8243; _module_preset=\u00bbdefault\u00bb]<\/p>\n<p><img loading=\"lazy\" decoding=\"async\" src=\"https:\/\/mentesextremofilas.com\/wp-content\/uploads\/SOMNIUM-CAMP-1.jpg\" width=\"1920\" height=\"174\" alt=\"\" class=\"wp-image-3905 alignnone size-full\" \/><\/p>\n<p>[\/et_pb_text][et_pb_text _builder_version=\u00bb4.9.4&#8243; _module_preset=\u00bbdefault\u00bb animation_style=\u00bbfade\u00bb animation_duration=\u00bb250ms\u00bb]<\/p>\n<h2 style=\"text-align: center;\"><b>SPARK! Somnium Camp<\/b><\/h2>\n<h2 style=\"text-align: center;\"><span style=\"font-weight: 400;\">2025\u00a0<\/span><\/h2>\n<p style=\"text-align: center;\"><span style=\"font-weight: 400;\">Somnium Art Camp is an intensive skill-building summer program for youth offered free of cost through the Rockford Area Arts Council. Students of the camp work with Somnium artists to learn and explore across a range of disciplines: visual art, animation, set design, creative writing, modern dance and flow arts, creating a collaborative multimedia work that is presented at a culminating student showcase<\/span><\/p>\n<p style=\"text-align: center;\"><span style=\"font-weight: 400;\">Check out our 2025 student creation.<\/span><\/p>\n<p>[\/et_pb_text][\/et_pb_column][\/et_pb_row][et_pb_row _builder_version=\u00bb4.9.4&#8243; _module_preset=\u00bbdefault\u00bb][et_pb_column _builder_version=\u00bb4.9.4&#8243; _module_preset=\u00bbdefault\u00bb type=\u00bb4_4&#8243;][et_pb_video src=\u00bbhttps:\/\/mentesextremofilas.com\/wp-content\/uploads\/WhatsApp-Video-2025-08-07-at-14.23.56.mp4&#8243; _builder_version=\u00bb4.9.4&#8243; _module_preset=\u00bbdefault\u00bb title_text=\u00bbSPARK! Somnium 2025 Student Animations\u00bb hover_enabled=\u00bb0&#8243; sticky_enabled=\u00bb0&#8243;][\/et_pb_video][\/et_pb_column][\/et_pb_row][et_pb_row column_structure=\u00bb1_3,1_3,1_3&#8243; disabled_on=\u00bbon|on|on\u00bb _builder_version=\u00bb4.9.4&#8243; _module_preset=\u00bbdefault\u00bb disabled=\u00bbon\u00bb][et_pb_column type=\u00bb1_3&#8243; _builder_version=\u00bb4.9.4&#8243; _module_preset=\u00bbdefault\u00bb][et_pb_blog posts_number=\u00bb1&#8243; include_categories=\u00bb95&#8243; _builder_version=\u00bb4.9.4&#8243; _module_preset=\u00bbdefault\u00bb][\/et_pb_blog][\/et_pb_column][et_pb_column type=\u00bb1_3&#8243; _builder_version=\u00bb4.9.4&#8243; _module_preset=\u00bbdefault\u00bb][et_pb_blog posts_number=\u00bb1&#8243; include_categories=\u00bb93&#8243; _builder_version=\u00bb4.9.4&#8243; _module_preset=\u00bbdefault\u00bb][\/et_pb_blog][\/et_pb_column][et_pb_column type=\u00bb1_3&#8243; _builder_version=\u00bb4.9.4&#8243; _module_preset=\u00bbdefault\u00bb][et_pb_blog posts_number=\u00bb1&#8243; include_categories=\u00bb93&#8243; _builder_version=\u00bb4.9.4&#8243; _module_preset=\u00bbdefault\u00bb][\/et_pb_blog][\/et_pb_column][\/et_pb_row][et_pb_row _builder_version=\u00bb4.9.4&#8243; _module_preset=\u00bbdefault\u00bb][et_pb_column type=\u00bb4_4&#8243; _builder_version=\u00bb4.9.4&#8243; _module_preset=\u00bbdefault\u00bb][et_pb_video src=\u00bbhttps:\/\/mentesextremofilas.com\/wp-content\/uploads\/SPARK-SOMNIUM-RAAC-ME.mp4&#8243; image_src=\u00bbhttps:\/\/mentesextremofilas.com\/wp-content\/uploads\/Screenshot-5.png\u00bb _builder_version=\u00bb4.9.4&#8243; _module_preset=\u00bbdefault\u00bb][\/et_pb_video][\/et_pb_column][\/et_pb_row][et_pb_row _builder_version=\u00bb4.9.4&#8243; _module_preset=\u00bbdefault\u00bb locked=\u00bboff\u00bb][et_pb_column type=\u00bb4_4&#8243; _builder_version=\u00bb4.9.4&#8243; _module_preset=\u00bbdefault\u00bb][et_pb_text _builder_version=\u00bb4.9.4&#8243; _module_preset=\u00bbdefault\u00bb]<\/p>\n<h2 style=\"text-align: center;\"><a href=\"https:\/\/www.artsforeveryone.com\/programs\/summer-programs\/\" target=\"_blank\" rel=\"noopener\"><strong>Register for Camp Here<\/strong><\/a><\/h2>\n<p>[\/et_pb_text][\/et_pb_column][\/et_pb_row][et_pb_row _builder_version=\u00bb4.9.4&#8243; _module_preset=\u00bbdefault\u00bb locked=\u00bboff\u00bb][et_pb_column type=\u00bb4_4&#8243; _builder_version=\u00bb4.9.4&#8243; _module_preset=\u00bbdefault\u00bb][et_pb_text _builder_version=\u00bb4.9.4&#8243; _module_preset=\u00bbdefault\u00bb]<\/p>\n<p style=\"text-align: center;\"><b><span style=\"font-weight: 400;\">The creators of Somnium believe that youth are the future of the arts and it is essential to place the community at the heart of the creative process. In collaboration with the Rockford Area Arts Council\u2019s SPARK! Build program, area high school students participate in a summer art intensive with the artists of Somnium. This program immerses students in every aspect of the Somnium creative process, offering hands-on experience in animation, creative writing, modern dance, muralism, production, prop design, sculpture, movement, and flow arts. Students\u2019 contributions are showcased in the final production, providing them with valuable experience and exposure for their future portfolios.<\/span><\/b><b><\/b><\/p>\n<p>[\/et_pb_text][\/et_pb_column][\/et_pb_row][et_pb_row _builder_version=\u00bb4.9.4&#8243; _module_preset=\u00bbdefault\u00bb][et_pb_column type=\u00bb4_4&#8243; _builder_version=\u00bb4.9.4&#8243; _module_preset=\u00bbdefault\u00bb][et_pb_text _builder_version=\u00bb4.9.4&#8243; _module_preset=\u00bbdefault\u00bb]<\/p>\n<p style=\"text-align: center;\"><b>Connect with News and Updates <\/b><span style=\"font-weight: 400;\">Sign up for the Mentes Extrem\u00f3filas e-mail newsletter\u00a0<\/span><\/p>\n<p>[\/et_pb_text][et_pb_video src=\u00bbhttps:\/\/mentesextremofilas.com\/wp-content\/uploads\/SOMNIUM-ARTCAMP-Low-Q-Website.mp4&#8243; image_src=\u00bbhttps:\/\/mentesextremofilas.com\/wp-content\/uploads\/PHOTO-2024-08-11-22-36-56-2.jpg\u00bb _builder_version=\u00bb4.9.4&#8243; _module_preset=\u00bbdefault\u00bb][\/et_pb_video][et_pb_button button_url=\u00bbhttp:\/\/eepurl.com\/icQsxX\u00bb button_text=\u00bbNewsletter\u00bb button_alignment=\u00bbcenter\u00bb _builder_version=\u00bb4.9.4&#8243; _module_preset=\u00bbdefault\u00bb box_shadow_style=\u00bbpreset5&#8243; global_module=\u00bb6694&#8243; saved_tabs=\u00bball\u00bb][\/et_pb_button][et_pb_wc_gallery product=\u00bb4055&#8243; _builder_version=\u00bb4.9.4&#8243; _module_preset=\u00bbdefault\u00bb][\/et_pb_wc_gallery][et_pb_image src=\u00bbhttps:\/\/mentesextremofilas.com\/wp-content\/uploads\/LOGOS-2.jpg\u00bb title_text=\u00bbLOGOS 2&#8243; _builder_version=\u00bb4.9.4&#8243; _module_preset=\u00bbdefault\u00bb][\/et_pb_image][\/et_pb_column][\/et_pb_row][\/et_pb_section]<\/p>\n","protected":false},"excerpt":{"rendered":"<p>[et_pb_section fb_built=\u00bb1&#8243; fullwidth=\u00bbon\u00bb _builder_version=\u00bb4.9.4&#8243; _module_preset=\u00bbdefault\u00bb][et_pb_fullwidth_image src=\u00bbhttps:\/\/mentesextremofilas.com\/wp-content\/uploads\/ARTCAMP-BANNER-main-page.jpg\u00bb title_text=\u00bbARTCAMP BANNER main page\u00bb _builder_version=\u00bb4.9.4&#8243; _module_preset=\u00bbdefault\u00bb][\/et_pb_fullwidth_image][et_pb_fullwidth_code _builder_version=\u00bb4.9.4&#8243; _module_preset=\u00bbdefault\u00bb custom_padding=\u00bb0px||||false|false\u00bb] Explore Somnium About Tickets Book Team ArtCamp Get Involved [\/et_pb_fullwidth_code][\/et_pb_section][et_pb_section fb_built=\u00bb1&#8243; _builder_version=\u00bb4.9.4&#8243; _module_preset=\u00bbdefault\u00bb custom_padding=\u00bb0px||0px||false|false\u00bb][et_pb_row _builder_version=\u00bb4.9.4&#8243; [&hellip;]<\/p>\n","protected":false},"author":5,"featured_media":0,"parent":0,"menu_order":0,"comment_status":"closed","ping_status":"closed","template":"","meta":{"_et_pb_use_builder":"on","_et_pb_old_content":"","_et_gb_content_width":"","footnotes":""},"class_list":["post-3887","page","type-page","status-publish","hentry"],"yoast_head":"<!-- This site is optimized with the Yoast SEO plugin v27.1.1 - https:\/\/yoast.com\/product\/yoast-seo-wordpress\/ -->\n<title>Somnium Art Camp - Mentes Extrem\u00f3filas<\/title>\n<meta name=\"description\" content=\"&quot;Somnium Art Experience - Immersive Art Event in Rockford, IL&quot; &quot;Join the Somnium Art Experience in Rockford, IL. Explore surreal visual art and interactive installations in this immersive, multisensory event. Get tickets now!&quot; Somnium Art ExperienceImmersive art event RockfordRockford art installationsInteractive art show Illinois Multisensory art experienceSurreal art exhibition Rockford Rockford IL art events Art experience tickets RockfordUnique art events Illinois :&quot;Somnium Art &quot;Somnium Art Experience immersive installation Rockford IL &quot;Experience the Surreal at Somnium Art in Rockford, IL &quot; &quot;Discover a world of surreal art and interactive installations at the Somnium Art Experience in Rockford, IL. A must-see event for art lovers and adventurers alike.&quot;\" \/>\n<meta name=\"robots\" content=\"index, follow, max-snippet:-1, max-image-preview:large, max-video-preview:-1\" \/>\n<link rel=\"canonical\" href=\"https:\/\/mentesextremofilas.com\/en\/art-camp\/\" \/>\n<meta property=\"og:locale\" content=\"en_US\" \/>\n<meta property=\"og:type\" content=\"article\" \/>\n<meta property=\"og:title\" content=\"Somnium Art Camp - Mentes Extrem\u00f3filas\" \/>\n<meta property=\"og:description\" content=\"&quot;Somnium Art Experience - Immersive Art Event in Rockford, IL&quot; &quot;Join the Somnium Art Experience in Rockford, IL. Explore surreal visual art and interactive installations in this immersive, multisensory event. Get tickets now!&quot; Somnium Art ExperienceImmersive art event RockfordRockford art installationsInteractive art show Illinois Multisensory art experienceSurreal art exhibition Rockford Rockford IL art events Art experience tickets RockfordUnique art events Illinois :&quot;Somnium Art &quot;Somnium Art Experience immersive installation Rockford IL &quot;Experience the Surreal at Somnium Art in Rockford, IL &quot; &quot;Discover a world of surreal art and interactive installations at the Somnium Art Experience in Rockford, IL. A must-see event for art lovers and adventurers alike.&quot;\" \/>\n<meta property=\"og:url\" content=\"https:\/\/mentesextremofilas.com\/en\/art-camp\/\" \/>\n<meta property=\"og:site_name\" content=\"Mentes Extrem\u00f3filas\" \/>\n<meta property=\"article:modified_time\" content=\"2025-08-09T16:04:20+00:00\" \/>\n<meta property=\"og:image\" content=\"https:\/\/mentesextremofilas.com\/wp-content\/uploads\/Somnium-2024.jpg\" \/>\n\t<meta property=\"og:image:width\" content=\"2048\" \/>\n\t<meta property=\"og:image:height\" content=\"410\" \/>\n\t<meta property=\"og:image:type\" content=\"image\/jpeg\" \/>\n<meta name=\"twitter:card\" content=\"summary_large_image\" \/>\n<meta name=\"twitter:image\" content=\"https:\/\/mentesextremofilas.com\/wp-content\/uploads\/Somnium-2024.jpg\" \/>\n<meta name=\"twitter:label1\" content=\"Est. reading time\" \/>\n\t<meta name=\"twitter:data1\" content=\"2 minutes\" \/>\n<script type=\"application\/ld+json\" class=\"yoast-schema-graph\">{\"@context\":\"https:\/\/schema.org\",\"@graph\":[{\"@type\":\"WebPage\",\"@id\":\"https:\/\/mentesextremofilas.com\/art-camp\",\"url\":\"https:\/\/mentesextremofilas.com\/art-camp\",\"name\":\"Somnium Art Camp - Mentes Extrem\u00f3filas\",\"isPartOf\":{\"@id\":\"https:\/\/mentesextremofilas.com\/#website\"},\"primaryImageOfPage\":{\"@id\":\"https:\/\/mentesextremofilas.com\/art-camp#primaryimage\"},\"image\":{\"@id\":\"https:\/\/mentesextremofilas.com\/art-camp#primaryimage\"},\"thumbnailUrl\":\"https:\/\/mentesextremofilas.com\/wp-content\/uploads\/SOMNIUM-CAMP-1.jpg\",\"datePublished\":\"2024-08-11T20:29:45+00:00\",\"dateModified\":\"2025-08-09T16:04:20+00:00\",\"description\":\"\\\"Somnium Art Experience - Immersive Art Event in Rockford, IL\\\" \\\"Join the Somnium Art Experience in Rockford, IL. Explore surreal visual art and interactive installations in this immersive, multisensory event. Get tickets now!\\\" Somnium Art ExperienceImmersive art event RockfordRockford art installationsInteractive art show Illinois Multisensory art experienceSurreal art exhibition Rockford Rockford IL art events Art experience tickets RockfordUnique art events Illinois :\\\"Somnium Art \\\"Somnium Art Experience immersive installation Rockford IL \\\"Experience the Surreal at Somnium Art in Rockford, IL \\\" \\\"Discover a world of surreal art and interactive installations at the Somnium Art Experience in Rockford, IL. A must-see event for art lovers and adventurers alike.\\\"\",\"breadcrumb\":{\"@id\":\"https:\/\/mentesextremofilas.com\/art-camp#breadcrumb\"},\"inLanguage\":\"en-US\",\"potentialAction\":[{\"@type\":\"ReadAction\",\"target\":[\"https:\/\/mentesextremofilas.com\/art-camp\"]}]},{\"@type\":\"ImageObject\",\"inLanguage\":\"en-US\",\"@id\":\"https:\/\/mentesextremofilas.com\/art-camp#primaryimage\",\"url\":\"https:\/\/mentesextremofilas.com\/wp-content\/uploads\/SOMNIUM-CAMP-1.jpg\",\"contentUrl\":\"https:\/\/mentesextremofilas.com\/wp-content\/uploads\/SOMNIUM-CAMP-1.jpg\"},{\"@type\":\"BreadcrumbList\",\"@id\":\"https:\/\/mentesextremofilas.com\/art-camp#breadcrumb\",\"itemListElement\":[{\"@type\":\"ListItem\",\"position\":1,\"name\":\"Home\",\"item\":\"https:\/\/mentesextremofilas.com\/\"},{\"@type\":\"ListItem\",\"position\":2,\"name\":\"Somnium Art Camp\"}]},{\"@type\":\"WebSite\",\"@id\":\"https:\/\/mentesextremofilas.com\/#website\",\"url\":\"https:\/\/mentesextremofilas.com\/\",\"name\":\"Mentes Extrem\u00f3filas\",\"description\":\"Mentes que se adaptan a las condiciones m\u00e1s extremas de la imaginaci\u00f3n\",\"potentialAction\":[{\"@type\":\"SearchAction\",\"target\":{\"@type\":\"EntryPoint\",\"urlTemplate\":\"https:\/\/mentesextremofilas.com\/?s={search_term_string}\"},\"query-input\":{\"@type\":\"PropertyValueSpecification\",\"valueRequired\":true,\"valueName\":\"search_term_string\"}}],\"inLanguage\":\"en-US\"}]}<\/script>\n<!-- \/ Yoast SEO plugin. -->","yoast_head_json":{"title":"Somnium Art Camp - Mentes Extrem\u00f3filas","description":"\"Somnium Art Experience - Immersive Art Event in Rockford, IL\" \"Join the Somnium Art Experience in Rockford, IL. Explore surreal visual art and interactive installations in this immersive, multisensory event. Get tickets now!\" Somnium Art ExperienceImmersive art event RockfordRockford art installationsInteractive art show Illinois Multisensory art experienceSurreal art exhibition Rockford Rockford IL art events Art experience tickets RockfordUnique art events Illinois :\"Somnium Art \"Somnium Art Experience immersive installation Rockford IL \"Experience the Surreal at Somnium Art in Rockford, IL \" \"Discover a world of surreal art and interactive installations at the Somnium Art Experience in Rockford, IL. A must-see event for art lovers and adventurers alike.\"","robots":{"index":"index","follow":"follow","max-snippet":"max-snippet:-1","max-image-preview":"max-image-preview:large","max-video-preview":"max-video-preview:-1"},"canonical":"https:\/\/mentesextremofilas.com\/en\/art-camp\/","og_locale":"en_US","og_type":"article","og_title":"Somnium Art Camp - Mentes Extrem\u00f3filas","og_description":"\"Somnium Art Experience - Immersive Art Event in Rockford, IL\" \"Join the Somnium Art Experience in Rockford, IL. Explore surreal visual art and interactive installations in this immersive, multisensory event. Get tickets now!\" Somnium Art ExperienceImmersive art event RockfordRockford art installationsInteractive art show Illinois Multisensory art experienceSurreal art exhibition Rockford Rockford IL art events Art experience tickets RockfordUnique art events Illinois :\"Somnium Art \"Somnium Art Experience immersive installation Rockford IL \"Experience the Surreal at Somnium Art in Rockford, IL \" \"Discover a world of surreal art and interactive installations at the Somnium Art Experience in Rockford, IL. A must-see event for art lovers and adventurers alike.\"","og_url":"https:\/\/mentesextremofilas.com\/en\/art-camp\/","og_site_name":"Mentes Extrem\u00f3filas","article_modified_time":"2025-08-09T16:04:20+00:00","og_image":[{"width":2048,"height":410,"url":"https:\/\/mentesextremofilas.com\/wp-content\/uploads\/Somnium-2024.jpg","type":"image\/jpeg"}],"twitter_card":"summary_large_image","twitter_image":"https:\/\/mentesextremofilas.com\/wp-content\/uploads\/Somnium-2024.jpg","twitter_misc":{"Est. reading time":"2 minutes"},"schema":{"@context":"https:\/\/schema.org","@graph":[{"@type":"WebPage","@id":"https:\/\/mentesextremofilas.com\/art-camp","url":"https:\/\/mentesextremofilas.com\/art-camp","name":"Somnium Art Camp - Mentes Extrem\u00f3filas","isPartOf":{"@id":"https:\/\/mentesextremofilas.com\/#website"},"primaryImageOfPage":{"@id":"https:\/\/mentesextremofilas.com\/art-camp#primaryimage"},"image":{"@id":"https:\/\/mentesextremofilas.com\/art-camp#primaryimage"},"thumbnailUrl":"https:\/\/mentesextremofilas.com\/wp-content\/uploads\/SOMNIUM-CAMP-1.jpg","datePublished":"2024-08-11T20:29:45+00:00","dateModified":"2025-08-09T16:04:20+00:00","description":"\"Somnium Art Experience - Immersive Art Event in Rockford, IL\" \"Join the Somnium Art Experience in Rockford, IL. Explore surreal visual art and interactive installations in this immersive, multisensory event. Get tickets now!\" Somnium Art ExperienceImmersive art event RockfordRockford art installationsInteractive art show Illinois Multisensory art experienceSurreal art exhibition Rockford Rockford IL art events Art experience tickets RockfordUnique art events Illinois :\"Somnium Art \"Somnium Art Experience immersive installation Rockford IL \"Experience the Surreal at Somnium Art in Rockford, IL \" \"Discover a world of surreal art and interactive installations at the Somnium Art Experience in Rockford, IL. A must-see event for art lovers and adventurers alike.\"","breadcrumb":{"@id":"https:\/\/mentesextremofilas.com\/art-camp#breadcrumb"},"inLanguage":"en-US","potentialAction":[{"@type":"ReadAction","target":["https:\/\/mentesextremofilas.com\/art-camp"]}]},{"@type":"ImageObject","inLanguage":"en-US","@id":"https:\/\/mentesextremofilas.com\/art-camp#primaryimage","url":"https:\/\/mentesextremofilas.com\/wp-content\/uploads\/SOMNIUM-CAMP-1.jpg","contentUrl":"https:\/\/mentesextremofilas.com\/wp-content\/uploads\/SOMNIUM-CAMP-1.jpg"},{"@type":"BreadcrumbList","@id":"https:\/\/mentesextremofilas.com\/art-camp#breadcrumb","itemListElement":[{"@type":"ListItem","position":1,"name":"Home","item":"https:\/\/mentesextremofilas.com\/"},{"@type":"ListItem","position":2,"name":"Somnium Art Camp"}]},{"@type":"WebSite","@id":"https:\/\/mentesextremofilas.com\/#website","url":"https:\/\/mentesextremofilas.com\/","name":"Mentes Extrem\u00f3filas","description":"Mentes que se adaptan a las condiciones m\u00e1s extremas de la imaginaci\u00f3n","potentialAction":[{"@type":"SearchAction","target":{"@type":"EntryPoint","urlTemplate":"https:\/\/mentesextremofilas.com\/?s={search_term_string}"},"query-input":{"@type":"PropertyValueSpecification","valueRequired":true,"valueName":"search_term_string"}}],"inLanguage":"en-US"}]}},"_links":{"self":[{"href":"https:\/\/mentesextremofilas.com\/en\/wp-json\/wp\/v2\/pages\/3887","targetHints":{"allow":["GET"]}}],"collection":[{"href":"https:\/\/mentesextremofilas.com\/en\/wp-json\/wp\/v2\/pages"}],"about":[{"href":"https:\/\/mentesextremofilas.com\/en\/wp-json\/wp\/v2\/types\/page"}],"author":[{"embeddable":true,"href":"https:\/\/mentesextremofilas.com\/en\/wp-json\/wp\/v2\/users\/5"}],"replies":[{"embeddable":true,"href":"https:\/\/mentesextremofilas.com\/en\/wp-json\/wp\/v2\/comments?post=3887"}],"version-history":[{"count":18,"href":"https:\/\/mentesextremofilas.com\/en\/wp-json\/wp\/v2\/pages\/3887\/revisions"}],"predecessor-version":[{"id":6850,"href":"https:\/\/mentesextremofilas.com\/en\/wp-json\/wp\/v2\/pages\/3887\/revisions\/6850"}],"wp:attachment":[{"href":"https:\/\/mentesextremofilas.com\/en\/wp-json\/wp\/v2\/media?parent=3887"}],"curies":[{"name":"wp","href":"https:\/\/api.w.org\/{rel}","templated":true}]}}