{"id":2009,"date":"2021-05-24T11:04:39","date_gmt":"2021-05-24T15:04:39","guid":{"rendered":"https:\/\/mentesextremofilas.com\/?page_id=2009"},"modified":"2024-08-27T22:52:49","modified_gmt":"2024-08-28T02:52:49","slug":"shop","status":"publish","type":"page","link":"https:\/\/mentesextremofilas.com\/en\/shop","title":{"rendered":"Store"},"content":{"rendered":"<p>[et_pb_section fb_built=\u00bb1&#8243; fullwidth=\u00bbon\u00bb _builder_version=\u00bb4.9.4&#8243; _module_preset=\u00bbdefault\u00bb][et_pb_fullwidth_image src=\u00bbhttps:\/\/mentesextremofilas.com\/wp-content\/uploads\/Tienda-scaled.jpg\u00bb title_text=\u00bbTienda\u00bb _builder_version=\u00bb4.9.4&#8243; _module_preset=\u00bbdefault\u00bb][\/et_pb_fullwidth_image][\/et_pb_section][et_pb_section fb_built=\u00bb1&#8243; _builder_version=\u00bb4.9.4&#8243; _module_preset=\u00bbdefault\u00bb width=\u00bb95%\u00bb custom_margin=\u00bb|auto||auto|false|false\u00bb][et_pb_row _builder_version=\u00bb4.9.4&#8243; _module_preset=\u00bbdefault\u00bb width=\u00bbauto\u00bb max_width=\u00bbnone\u00bb][et_pb_column type=\u00bb4_4&#8243; _builder_version=\u00bb4.9.4&#8243; _module_preset=\u00bbdefault\u00bb][et_pb_code _builder_version=\u00bb4.9.4&#8243; _module_preset=\u00bbdefault\u00bb hover_enabled=\u00bb0&#8243; sticky_enabled=\u00bb0&#8243;]<div class=\"woocommerce columns-3 \"><ul class=\"products columns-3\">\n<li class=\"product type-product post-2336 status-publish first instock product_cat-libros has-post-thumbnail downloadable virtual taxable product-type-simple\">\n\t<a href=\"https:\/\/mentesextremofilas.com\/en\/product\/365\" class=\"woocommerce-LoopProduct-link woocommerce-loop-product__link\"><span class=\"et_shop_image\"><img loading=\"lazy\" decoding=\"async\" width=\"600\" height=\"600\" src=\"https:\/\/mentesextremofilas.com\/wp-content\/uploads\/42114CE1-BA1A-447C-BDDB-25620FF35F05-600x600.jpeg\" class=\"attachment-woocommerce_thumbnail size-woocommerce_thumbnail\" alt=\"365 - Eddaviel\" \/><span class=\"et_overlay\"><\/span><\/span><h2 class=\"woocommerce-loop-product__title\">365 &#8211; Eddaviel<\/h2><div class=\"star-rating\" role=\"img\" aria-label=\"Valorado en 5.00 de 5\"><span style=\"width:100%\">Valorado en <strong class=\"rating\">5.00<\/strong> de 5<\/span><\/div>\n<\/a><\/li>\n<li class=\"product type-product post-3149 status-publish instock product_cat-libros product_tag-afro product_tag-comic product_tag-esu product_tag-graphic-novel has-post-thumbnail taxable shipping-taxable purchasable product-type-simple\">\n\t<a href=\"https:\/\/mentesextremofilas.com\/en\/product\/esu-the-most-misunderstood-entity-in-the-universe\" class=\"woocommerce-LoopProduct-link woocommerce-loop-product__link\"><span class=\"et_shop_image\"><img loading=\"lazy\" decoding=\"async\" width=\"600\" height=\"600\" src=\"https:\/\/mentesextremofilas.com\/wp-content\/uploads\/IMG-20221024-WA0013-600x600.jpg\" class=\"attachment-woocommerce_thumbnail size-woocommerce_thumbnail\" alt=\"Esu\" \/><span class=\"et_overlay\"><\/span><\/span><h2 class=\"woocommerce-loop-product__title\">Esu: The Most Misunderstood Entity in the Universe (English Edition)<\/h2><div class=\"star-rating\" role=\"img\" aria-label=\"Valorado en 4.00 de 5\"><span style=\"width:80%\">Valorado en <strong class=\"rating\">4.00<\/strong> de 5<\/span><\/div>\n\t<span class=\"price\"><span class=\"woocommerce-Price-amount amount\"><bdi><span class=\"woocommerce-Price-currencySymbol\">&#36;<\/span>25.55<\/bdi><\/span><\/span>\n<\/a><\/li>\n<\/ul>\n<\/div>[\/et_pb_code][\/et_pb_column][\/et_pb_row][\/et_pb_section]<\/p>\n","protected":false},"excerpt":{"rendered":"<p>[et_pb_section fb_built=\u00bb1&#8243; fullwidth=\u00bbon\u00bb _builder_version=\u00bb4.9.4&#8243; _module_preset=\u00bbdefault\u00bb][et_pb_fullwidth_image src=\u00bbhttps:\/\/mentesextremofilas.com\/wp-content\/uploads\/Tienda-scaled.jpg\u00bb title_text=\u00bbTienda\u00bb _builder_version=\u00bb4.9.4&#8243; _module_preset=\u00bbdefault\u00bb][\/et_pb_fullwidth_image][\/et_pb_section][et_pb_section fb_built=\u00bb1&#8243; _builder_version=\u00bb4.9.4&#8243; _module_preset=\u00bbdefault\u00bb width=\u00bb95%\u00bb custom_margin=\u00bb|auto||auto|false|false\u00bb][et_pb_row _builder_version=\u00bb4.9.4&#8243; _module_preset=\u00bbdefault\u00bb width=\u00bbauto\u00bb max_width=\u00bbnone\u00bb][et_pb_column type=\u00bb4_4&#8243; _builder_version=\u00bb4.9.4&#8243; _module_preset=\u00bbdefault\u00bb][et_pb_code _builder_version=\u00bb4.9.4&#8243; _module_preset=\u00bbdefault\u00bb hover_enabled=\u00bb0&#8243; sticky_enabled=\u00bb0&#8243;][\/et_pb_code][\/et_pb_column][\/et_pb_row][\/et_pb_section]<\/p>\n","protected":false},"author":1,"featured_media":0,"parent":0,"menu_order":0,"comment_status":"closed","ping_status":"closed","template":"","meta":{"_et_pb_use_builder":"on","_et_pb_old_content":"","_et_gb_content_width":"","footnotes":""},"class_list":["post-2009","page","type-page","status-publish","hentry"],"yoast_head":"<!-- This site is optimized with the Yoast SEO plugin v27.1.1 - https:\/\/yoast.com\/product\/yoast-seo-wordpress\/ -->\n<title>Tienda - Mentes Extrem\u00f3filas<\/title>\n<meta name=\"robots\" content=\"index, follow, max-snippet:-1, max-image-preview:large, max-video-preview:-1\" \/>\n<link rel=\"canonical\" href=\"https:\/\/mentesextremofilas.com\/en\/shop\/\" \/>\n<meta property=\"og:locale\" content=\"en_US\" \/>\n<meta property=\"og:type\" content=\"article\" \/>\n<meta property=\"og:title\" content=\"Tienda - Mentes Extrem\u00f3filas\" \/>\n<meta property=\"og:description\" content=\"[et_pb_section fb_built=\u00bb1&#8243; fullwidth=\u00bbon\u00bb _builder_version=\u00bb4.9.4&#8243; _module_preset=\u00bbdefault\u00bb][et_pb_fullwidth_image src=\u00bbhttps:\/\/mentesextremofilas.com\/wp-content\/uploads\/Tienda-scaled.jpg\u00bb title_text=\u00bbTienda\u00bb _builder_version=\u00bb4.9.4&#8243; _module_preset=\u00bbdefault\u00bb][\/et_pb_fullwidth_image][\/et_pb_section][et_pb_section fb_built=\u00bb1&#8243; _builder_version=\u00bb4.9.4&#8243; _module_preset=\u00bbdefault\u00bb width=\u00bb95%\u00bb custom_margin=\u00bb|auto||auto|false|false\u00bb][et_pb_row _builder_version=\u00bb4.9.4&#8243; _module_preset=\u00bbdefault\u00bb width=\u00bbauto\u00bb max_width=\u00bbnone\u00bb][et_pb_column type=\u00bb4_4&#8243; _builder_version=\u00bb4.9.4&#8243; _module_preset=\u00bbdefault\u00bb][et_pb_code _builder_version=\u00bb4.9.4&#8243; _module_preset=\u00bbdefault\u00bb hover_enabled=\u00bb0&#8243; sticky_enabled=\u00bb0&#8243;][\/et_pb_code][\/et_pb_column][\/et_pb_row][\/et_pb_section]\" \/>\n<meta property=\"og:url\" content=\"https:\/\/mentesextremofilas.com\/en\/shop\/\" \/>\n<meta property=\"og:site_name\" content=\"Mentes Extrem\u00f3filas\" \/>\n<meta property=\"article:modified_time\" content=\"2024-08-28T02:52:49+00:00\" \/>\n<meta property=\"og:image\" content=\"https:\/\/mentesextremofilas.com\/wp-content\/uploads\/preview.png\" \/>\n\t<meta property=\"og:image:width\" content=\"1024\" \/>\n\t<meta property=\"og:image:height\" content=\"1024\" \/>\n\t<meta property=\"og:image:type\" content=\"image\/png\" \/>\n<meta name=\"twitter:card\" content=\"summary_large_image\" \/>\n<script type=\"application\/ld+json\" class=\"yoast-schema-graph\">{\"@context\":\"https:\/\/schema.org\",\"@graph\":[{\"@type\":\"WebPage\",\"@id\":\"https:\/\/mentesextremofilas.com\/shop\",\"url\":\"https:\/\/mentesextremofilas.com\/shop\",\"name\":\"Tienda - Mentes Extrem\u00f3filas\",\"isPartOf\":{\"@id\":\"https:\/\/mentesextremofilas.com\/#website\"},\"datePublished\":\"2021-05-24T15:04:39+00:00\",\"dateModified\":\"2024-08-28T02:52:49+00:00\",\"breadcrumb\":{\"@id\":\"https:\/\/mentesextremofilas.com\/shop#breadcrumb\"},\"inLanguage\":\"en-US\",\"potentialAction\":[{\"@type\":\"ReadAction\",\"target\":[\"https:\/\/mentesextremofilas.com\/shop\"]}]},{\"@type\":\"BreadcrumbList\",\"@id\":\"https:\/\/mentesextremofilas.com\/shop#breadcrumb\",\"itemListElement\":[{\"@type\":\"ListItem\",\"position\":1,\"name\":\"Home\",\"item\":\"https:\/\/mentesextremofilas.com\/\"},{\"@type\":\"ListItem\",\"position\":2,\"name\":\"Tienda\"}]},{\"@type\":\"WebSite\",\"@id\":\"https:\/\/mentesextremofilas.com\/#website\",\"url\":\"https:\/\/mentesextremofilas.com\/\",\"name\":\"Mentes Extrem\u00f3filas\",\"description\":\"Mentes que se adaptan a las condiciones m\u00e1s extremas de la imaginaci\u00f3n\",\"potentialAction\":[{\"@type\":\"SearchAction\",\"target\":{\"@type\":\"EntryPoint\",\"urlTemplate\":\"https:\/\/mentesextremofilas.com\/?s={search_term_string}\"},\"query-input\":{\"@type\":\"PropertyValueSpecification\",\"valueRequired\":true,\"valueName\":\"search_term_string\"}}],\"inLanguage\":\"en-US\"}]}<\/script>\n<!-- \/ Yoast SEO plugin. -->","yoast_head_json":{"title":"Tienda - Mentes Extrem\u00f3filas","robots":{"index":"index","follow":"follow","max-snippet":"max-snippet:-1","max-image-preview":"max-image-preview:large","max-video-preview":"max-video-preview:-1"},"canonical":"https:\/\/mentesextremofilas.com\/en\/shop\/","og_locale":"en_US","og_type":"article","og_title":"Tienda - Mentes Extrem\u00f3filas","og_description":"[et_pb_section fb_built=\u00bb1&#8243; fullwidth=\u00bbon\u00bb _builder_version=\u00bb4.9.4&#8243; _module_preset=\u00bbdefault\u00bb][et_pb_fullwidth_image src=\u00bbhttps:\/\/mentesextremofilas.com\/wp-content\/uploads\/Tienda-scaled.jpg\u00bb title_text=\u00bbTienda\u00bb _builder_version=\u00bb4.9.4&#8243; _module_preset=\u00bbdefault\u00bb][\/et_pb_fullwidth_image][\/et_pb_section][et_pb_section fb_built=\u00bb1&#8243; _builder_version=\u00bb4.9.4&#8243; _module_preset=\u00bbdefault\u00bb width=\u00bb95%\u00bb custom_margin=\u00bb|auto||auto|false|false\u00bb][et_pb_row _builder_version=\u00bb4.9.4&#8243; _module_preset=\u00bbdefault\u00bb width=\u00bbauto\u00bb max_width=\u00bbnone\u00bb][et_pb_column type=\u00bb4_4&#8243; _builder_version=\u00bb4.9.4&#8243; _module_preset=\u00bbdefault\u00bb][et_pb_code _builder_version=\u00bb4.9.4&#8243; _module_preset=\u00bbdefault\u00bb hover_enabled=\u00bb0&#8243; sticky_enabled=\u00bb0&#8243;][\/et_pb_code][\/et_pb_column][\/et_pb_row][\/et_pb_section]","og_url":"https:\/\/mentesextremofilas.com\/en\/shop\/","og_site_name":"Mentes Extrem\u00f3filas","article_modified_time":"2024-08-28T02:52:49+00:00","og_image":[{"width":1024,"height":1024,"url":"https:\/\/mentesextremofilas.com\/wp-content\/uploads\/preview.png","type":"image\/png"}],"twitter_card":"summary_large_image","schema":{"@context":"https:\/\/schema.org","@graph":[{"@type":"WebPage","@id":"https:\/\/mentesextremofilas.com\/shop","url":"https:\/\/mentesextremofilas.com\/shop","name":"Tienda - Mentes Extrem\u00f3filas","isPartOf":{"@id":"https:\/\/mentesextremofilas.com\/#website"},"datePublished":"2021-05-24T15:04:39+00:00","dateModified":"2024-08-28T02:52:49+00:00","breadcrumb":{"@id":"https:\/\/mentesextremofilas.com\/shop#breadcrumb"},"inLanguage":"en-US","potentialAction":[{"@type":"ReadAction","target":["https:\/\/mentesextremofilas.com\/shop"]}]},{"@type":"BreadcrumbList","@id":"https:\/\/mentesextremofilas.com\/shop#breadcrumb","itemListElement":[{"@type":"ListItem","position":1,"name":"Home","item":"https:\/\/mentesextremofilas.com\/"},{"@type":"ListItem","position":2,"name":"Tienda"}]},{"@type":"WebSite","@id":"https:\/\/mentesextremofilas.com\/#website","url":"https:\/\/mentesextremofilas.com\/","name":"Mentes Extrem\u00f3filas","description":"Mentes que se adaptan a las condiciones m\u00e1s extremas de la imaginaci\u00f3n","potentialAction":[{"@type":"SearchAction","target":{"@type":"EntryPoint","urlTemplate":"https:\/\/mentesextremofilas.com\/?s={search_term_string}"},"query-input":{"@type":"PropertyValueSpecification","valueRequired":true,"valueName":"search_term_string"}}],"inLanguage":"en-US"}]}},"_links":{"self":[{"href":"https:\/\/mentesextremofilas.com\/en\/wp-json\/wp\/v2\/pages\/2009","targetHints":{"allow":["GET"]}}],"collection":[{"href":"https:\/\/mentesextremofilas.com\/en\/wp-json\/wp\/v2\/pages"}],"about":[{"href":"https:\/\/mentesextremofilas.com\/en\/wp-json\/wp\/v2\/types\/page"}],"author":[{"embeddable":true,"href":"https:\/\/mentesextremofilas.com\/en\/wp-json\/wp\/v2\/users\/1"}],"replies":[{"embeddable":true,"href":"https:\/\/mentesextremofilas.com\/en\/wp-json\/wp\/v2\/comments?post=2009"}],"version-history":[{"count":0,"href":"https:\/\/mentesextremofilas.com\/en\/wp-json\/wp\/v2\/pages\/2009\/revisions"}],"wp:attachment":[{"href":"https:\/\/mentesextremofilas.com\/en\/wp-json\/wp\/v2\/media?parent=2009"}],"curies":[{"name":"wp","href":"https:\/\/api.w.org\/{rel}","templated":true}]}}