{"id":1129,"date":"2021-04-25T18:03:37","date_gmt":"2021-04-25T22:03:37","guid":{"rendered":"https:\/\/mentesextremofilas.com\/?page_id=1129"},"modified":"2021-06-20T22:34:55","modified_gmt":"2021-06-21T02:34:55","slug":"nova-sinaptica","status":"publish","type":"page","link":"https:\/\/mentesextremofilas.com\/en\/nova-sinaptica","title":{"rendered":"Synaptic Nova"},"content":{"rendered":"\n\n[et_pb_section fb_built=\u00bb1&#8243; fullwidth=\u00bbon\u00bb _builder_version=\u00bb4.9.4&#8243; _module_preset=\u00bbdefault\u00bb][et_pb_fullwidth_image src=\u00bbhttps:\/\/mentesextremofilas.com\/wp-content\/uploads\/categoria_nova-sinaptica-scaled.jpg\u00bb title_text=\u00bbcategoria_nova-sinaptica\u00bb _builder_version=\u00bb4.9.4&#8243; _module_preset=\u00bbdefault\u00bb][\/et_pb_fullwidth_image][\/et_pb_section][et_pb_section fb_built=\u00bb1&#8243; _builder_version=\u00bb4.9.4&#8243; _module_preset=\u00bbdefault\u00bb background_enable_image=\u00bboff\u00bb hover_enabled=\u00bb0&#8243; custom_padding=\u00bb||||false|false\u00bb sticky_enabled=\u00bb0&#8243; module_class=\u00bbmain-page\u00bb][et_pb_row _builder_version=\u00bb4.9.4&#8243; _module_preset=\u00bbdefault\u00bb width=\u00bbauto\u00bb max_width=\u00bbnone\u00bb custom_padding=\u00bb||||false|false\u00bb][et_pb_column type=\u00bb4_4&#8243; _builder_version=\u00bb4.9.4&#8243; _module_preset=\u00bbdefault\u00bb][et_pb_code _builder_version=\u00bb4.9.4&#8243; _module_preset=\u00bbdefault\u00bb]<div class=\"pt-cv-wrapper et_smooth_scroll_disabled\"><div class=\"pt-cv-view pt-cv-pinterest pt-cv-colsys pt-cv-shadow pt-cv-bb pt-cv-pginfinite\" id=\"pt-cv-view-42a7093x27\"><div data-id=\"pt-cv-page-1\" class=\"pt-cv-page\" data-cvc=\"3\"><div class=\"col-md-4 col-sm-6 col-xs-12 pt-cv-content-item pt-cv-1-col\"  data-pid=\"7845\"><div class='pt-cv-pinmas'><a href=\"https:\/\/mentesextremofilas.com\/en\/nova-sinaptica\/nova-sinaptica-024\" class=\"_self pt-cv-href-thumbnail pt-cv-thumb-default cvp-lazy-container\" target=\"_self\" rel=\"nofollow\"><img loading=\"lazy\" decoding=\"async\" width=\"1024\" height=\"1024\" src=\"https:\/\/mentesextremofilas.com\/wp-content\/plugins\/pt-content-views-pro\/public\/assets\/images\/lazy_image.png\" class=\"pt-cv-thumbnail img-none no-lazyload  skip-lazy  cvplazy\" alt=\"Nova Sin\u00e1ptica 024\" data-cvpsrc=\"https:\/\/mentesextremofilas.com\/wp-content\/uploads\/WhatsApp-Image-2025-11-18-at-11.47.18-AM.jpeg\" \/><\/a>\n<h4 class=\"pt-cv-title\"><a href=\"https:\/\/mentesextremofilas.com\/en\/nova-sinaptica\/nova-sinaptica-024\" class=\"_self\" target=\"_self\" rel=\"nofollow\">Nova Sin\u00e1ptica 024<\/a><\/h4><\/div><\/div>\n<div class=\"col-md-4 col-sm-6 col-xs-12 pt-cv-content-item pt-cv-1-col\"  data-pid=\"7847\"><div class='pt-cv-pinmas'><a href=\"https:\/\/mentesextremofilas.com\/en\/nova-sinaptica\/nova-sinaptica-023-2\" class=\"_self pt-cv-href-thumbnail pt-cv-thumb-default cvp-lazy-container\" target=\"_self\" rel=\"nofollow\"><img loading=\"lazy\" decoding=\"async\" width=\"1024\" height=\"1024\" src=\"https:\/\/mentesextremofilas.com\/wp-content\/plugins\/pt-content-views-pro\/public\/assets\/images\/lazy_image.png\" class=\"pt-cv-thumbnail img-none no-lazyload  skip-lazy  cvplazy\" alt=\"Nova Sin\u00e1ptica 023\" data-cvpsrc=\"https:\/\/mentesextremofilas.com\/wp-content\/uploads\/WhatsApp-Image-2025-11-11-at-1.31.06-AM.jpeg\" \/><\/a>\n<h4 class=\"pt-cv-title\"><a href=\"https:\/\/mentesextremofilas.com\/en\/nova-sinaptica\/nova-sinaptica-023-2\" class=\"_self\" target=\"_self\" rel=\"nofollow\">Nova Sin\u00e1ptica 023<\/a><\/h4><\/div><\/div>\n<div class=\"col-md-4 col-sm-6 col-xs-12 pt-cv-content-item pt-cv-1-col\"  data-pid=\"4079\"><div class='pt-cv-pinmas'><a href=\"https:\/\/mentesextremofilas.com\/en\/nova-sinaptica\/nova-sinaptica-022\" class=\"_self pt-cv-href-thumbnail pt-cv-thumb-default cvp-lazy-container\" target=\"_self\" rel=\"nofollow\"><img loading=\"lazy\" decoding=\"async\" width=\"2048\" height=\"2048\" src=\"https:\/\/mentesextremofilas.com\/wp-content\/plugins\/pt-content-views-pro\/public\/assets\/images\/lazy_image.png\" class=\"pt-cv-thumbnail img-none no-lazyload  skip-lazy  cvplazy\" alt=\"Nova Sin\u00e1ptica 022\" data-cvpsrc=\"https:\/\/mentesextremofilas.com\/wp-content\/uploads\/Synaptic-Nova-022-Spanish.jpg\" \/><\/a>\n<h4 class=\"pt-cv-title\"><a href=\"https:\/\/mentesextremofilas.com\/en\/nova-sinaptica\/nova-sinaptica-022\" class=\"_self\" target=\"_self\" rel=\"nofollow\">Nova Sin\u00e1ptica 022<\/a><\/h4><\/div><\/div>\n<div class=\"col-md-4 col-sm-6 col-xs-12 pt-cv-content-item pt-cv-1-col\"  data-pid=\"3611\"><div class='pt-cv-pinmas'><a href=\"https:\/\/mentesextremofilas.com\/en\/nova-sinaptica\/nova-sinaptica-021\" class=\"_self pt-cv-href-thumbnail pt-cv-thumb-default cvp-lazy-container\" target=\"_self\" rel=\"nofollow\"><img loading=\"lazy\" decoding=\"async\" width=\"2048\" height=\"2048\" src=\"https:\/\/mentesextremofilas.com\/wp-content\/plugins\/pt-content-views-pro\/public\/assets\/images\/lazy_image.png\" class=\"pt-cv-thumbnail img-none no-lazyload  skip-lazy  cvplazy\" alt=\"Nova Sin\u00e1ptica 021\" data-cvpsrc=\"https:\/\/mentesextremofilas.com\/wp-content\/uploads\/Nova-Sinaptica-021-Spanish.jpg\" \/><\/a>\n<h4 class=\"pt-cv-title\"><a href=\"https:\/\/mentesextremofilas.com\/en\/nova-sinaptica\/nova-sinaptica-021\" class=\"_self\" target=\"_self\" rel=\"nofollow\">Nova Sin\u00e1ptica 021<\/a><\/h4><\/div><\/div>\n<div class=\"col-md-4 col-sm-6 col-xs-12 pt-cv-content-item pt-cv-1-col\"  data-pid=\"3605\"><div class='pt-cv-pinmas'><a href=\"https:\/\/mentesextremofilas.com\/en\/nova-sinaptica\/nova-sinaptica-020\" class=\"_self pt-cv-href-thumbnail pt-cv-thumb-default cvp-lazy-container\" target=\"_self\" rel=\"nofollow\"><img loading=\"lazy\" decoding=\"async\" width=\"1500\" height=\"1500\" src=\"https:\/\/mentesextremofilas.com\/wp-content\/plugins\/pt-content-views-pro\/public\/assets\/images\/lazy_image.png\" class=\"pt-cv-thumbnail img-none no-lazyload  skip-lazy  cvplazy\" alt=\"Nova Sin\u00e1ptica 020\" data-cvpsrc=\"https:\/\/mentesextremofilas.com\/wp-content\/uploads\/Nova-Sinaptica-20-Spanish.jpg\" \/><\/a>\n<h4 class=\"pt-cv-title\"><a href=\"https:\/\/mentesextremofilas.com\/en\/nova-sinaptica\/nova-sinaptica-020\" class=\"_self\" target=\"_self\" rel=\"nofollow\">Nova Sin\u00e1ptica 020<\/a><\/h4><\/div><\/div>\n<div class=\"col-md-4 col-sm-6 col-xs-12 pt-cv-content-item pt-cv-1-col\"  data-pid=\"3588\"><div class='pt-cv-pinmas'><a href=\"https:\/\/mentesextremofilas.com\/en\/nova-sinaptica\/nova-sinaptica-019\" class=\"_self pt-cv-href-thumbnail pt-cv-thumb-default cvp-lazy-container\" target=\"_self\" rel=\"nofollow\"><img loading=\"lazy\" decoding=\"async\" width=\"1500\" height=\"1500\" src=\"https:\/\/mentesextremofilas.com\/wp-content\/plugins\/pt-content-views-pro\/public\/assets\/images\/lazy_image.png\" class=\"pt-cv-thumbnail img-none no-lazyload  skip-lazy  cvplazy\" alt=\"Nova Sin\u00e1ptica 019\" data-cvpsrc=\"https:\/\/mentesextremofilas.com\/wp-content\/uploads\/IMG_9185.jpeg\" \/><\/a>\n<h4 class=\"pt-cv-title\"><a href=\"https:\/\/mentesextremofilas.com\/en\/nova-sinaptica\/nova-sinaptica-019\" class=\"_self\" target=\"_self\" rel=\"nofollow\">Nova Sin\u00e1ptica 019<\/a><\/h4><\/div><\/div><\/div><\/div>\n<div class=\"text-center pt-cv-pagination-wrapper\"><a href='https:\/\/mentesextremofilas.com\/en\/wp-json\/wp\/v2\/pages\/1129\/?_page=2' onclick='event.preventDefault()' class=\"pt-cv-more btn btn-primary btn-sm\" data-totalpages=\"4\" data-nextpages=\"2\" data-sid=\"42a7093x27\" data-unid=\"\">More <span class=\"caret\"><\/span><\/a><img loading=\"lazy\" decoding=\"async\" width=\"15\" height=\"15\" class=\"pt-cv-spinner\" alt=\"Loading...\" src=\"data:image\/gif;base64,R0lGODlhDwAPALMPAMrKygwMDJOTkz09PZWVla+vr3p6euTk5M7OzuXl5TMzMwAAAJmZmWZmZszMzP\/\/\/yH\/C05FVFNDQVBFMi4wAwEAAAAh+QQFCgAPACwAAAAADwAPAAAEQvDJaZaZOIcV8iQK8VRX4iTYoAwZ4iCYoAjZ4RxejhVNoT+mRGP4cyF4Pp0N98sBGIBMEMOotl6YZ3S61Bmbkm4mAgAh+QQFCgAPACwAAAAADQANAAAENPDJSRSZeA418itN8QiK8BiLITVsFiyBBIoYqnoewAD4xPw9iY4XLGYSjkQR4UAUD45DLwIAIfkEBQoADwAsAAAAAA8ACQAABC\/wyVlamTi3nSdgwFNdhEJgTJoNyoB9ISYoQmdjiZPcj7EYCAeCF1gEDo4Dz2eIAAAh+QQFCgAPACwCAAAADQANAAAEM\/DJBxiYeLKdX3IJZT1FU0iIg2RNKx3OkZVnZ98ToRD4MyiDnkAh6BkNC0MvsAj0kMpHBAAh+QQFCgAPACwGAAAACQAPAAAEMDC59KpFDll73HkAA2wVY5KgiK5b0RRoI6MuzG6EQqCDMlSGheEhUAgqgUUAFRySIgAh+QQFCgAPACwCAAIADQANAAAEM\/DJKZNLND\/kkKaHc3xk+QAMYDKsiaqmZCxGVjSFFCxB1vwy2oOgIDxuucxAMTAJFAJNBAAh+QQFCgAPACwAAAYADwAJAAAEMNAs86q1yaWwwv2Ig0jUZx3OYa4XoRAfwADXoAwfo1+CIjyFRuEho60aSNYlOPxEAAAh+QQFCgAPACwAAAIADQANAAAENPA9s4y8+IUVcqaWJ4qEQozSoAzoIyhCK2NFU2SJk0hNnyEOhKR2AzAAj4Pj4GE4W0bkJQIAOw==\" \/><div class=\"clear pt-cv-clear-pagination\"><\/div><\/div><\/div>\t\t\t<style type=\"text\/css\" id=\"pt-cv-inline-style-e3c03b0g5t\">#pt-cv-view-42a7093x27 .pt-cv-title a, #pt-cv-view-42a7093x27  .panel-title { font-weight: 600 !important; }\n#pt-cv-view-42a7093x27 .pt-cv-readmore  { color: #ffffff !important; background-color: #00aeef !important; }\n#pt-cv-view-42a7093x27 .pt-cv-readmore:hover  { color: #ffffff !important; background-color: #00aeef !important; }\n#pt-cv-view-42a7093x27  + .pt-cv-pagination-wrapper .pt-cv-more , #pt-cv-view-42a7093x27  + .pt-cv-pagination-wrapper .pagination .active a { color: #ffffff !important; background-color: #00aeef !important; }<\/style>\r\n\t\t\t[\/et_pb_code][\/et_pb_column][\/et_pb_row][\/et_pb_section]\n\n","protected":false},"excerpt":{"rendered":"","protected":false},"author":1,"featured_media":0,"parent":0,"menu_order":0,"comment_status":"closed","ping_status":"closed","template":"","meta":{"_et_pb_use_builder":"on","_et_pb_old_content":"","_et_gb_content_width":"","footnotes":""},"class_list":["post-1129","page","type-page","status-publish","hentry"],"yoast_head":"<!-- This site is optimized with the Yoast SEO plugin v27.1.1 - https:\/\/yoast.com\/product\/yoast-seo-wordpress\/ -->\n<title>Nova Sin\u00e1ptica - Mentes Extrem\u00f3filas<\/title>\n<meta name=\"robots\" content=\"index, follow, max-snippet:-1, max-image-preview:large, max-video-preview:-1\" \/>\n<link rel=\"canonical\" href=\"https:\/\/mentesextremofilas.com\/en\/nova-sinaptica\/\" \/>\n<meta property=\"og:locale\" content=\"en_US\" \/>\n<meta property=\"og:type\" content=\"article\" \/>\n<meta property=\"og:title\" content=\"Nova Sin\u00e1ptica - Mentes Extrem\u00f3filas\" \/>\n<meta property=\"og:url\" content=\"https:\/\/mentesextremofilas.com\/en\/nova-sinaptica\/\" \/>\n<meta property=\"og:site_name\" content=\"Mentes Extrem\u00f3filas\" \/>\n<meta property=\"article:modified_time\" content=\"2021-06-21T02:34:55+00:00\" \/>\n<meta property=\"og:image\" content=\"https:\/\/mentesextremofilas.com\/wp-content\/uploads\/preview.png\" \/>\n\t<meta property=\"og:image:width\" content=\"1024\" \/>\n\t<meta property=\"og:image:height\" content=\"1024\" \/>\n\t<meta property=\"og:image:type\" content=\"image\/png\" \/>\n<meta name=\"twitter:card\" content=\"summary_large_image\" \/>\n<meta name=\"twitter:label1\" content=\"Est. reading time\" \/>\n\t<meta name=\"twitter:data1\" content=\"1 minute\" \/>\n<script type=\"application\/ld+json\" class=\"yoast-schema-graph\">{\"@context\":\"https:\/\/schema.org\",\"@graph\":[{\"@type\":\"WebPage\",\"@id\":\"https:\/\/mentesextremofilas.com\/nova-sinaptica\",\"url\":\"https:\/\/mentesextremofilas.com\/nova-sinaptica\",\"name\":\"Nova Sin\u00e1ptica - Mentes Extrem\u00f3filas\",\"isPartOf\":{\"@id\":\"https:\/\/mentesextremofilas.com\/#website\"},\"datePublished\":\"2021-04-25T22:03:37+00:00\",\"dateModified\":\"2021-06-21T02:34:55+00:00\",\"breadcrumb\":{\"@id\":\"https:\/\/mentesextremofilas.com\/nova-sinaptica#breadcrumb\"},\"inLanguage\":\"en-US\",\"potentialAction\":[{\"@type\":\"ReadAction\",\"target\":[\"https:\/\/mentesextremofilas.com\/nova-sinaptica\"]}]},{\"@type\":\"BreadcrumbList\",\"@id\":\"https:\/\/mentesextremofilas.com\/nova-sinaptica#breadcrumb\",\"itemListElement\":[{\"@type\":\"ListItem\",\"position\":1,\"name\":\"Home\",\"item\":\"https:\/\/mentesextremofilas.com\/\"},{\"@type\":\"ListItem\",\"position\":2,\"name\":\"Nova Sin\u00e1ptica\"}]},{\"@type\":\"WebSite\",\"@id\":\"https:\/\/mentesextremofilas.com\/#website\",\"url\":\"https:\/\/mentesextremofilas.com\/\",\"name\":\"Mentes Extrem\u00f3filas\",\"description\":\"Mentes que se adaptan a las condiciones m\u00e1s extremas de la imaginaci\u00f3n\",\"potentialAction\":[{\"@type\":\"SearchAction\",\"target\":{\"@type\":\"EntryPoint\",\"urlTemplate\":\"https:\/\/mentesextremofilas.com\/?s={search_term_string}\"},\"query-input\":{\"@type\":\"PropertyValueSpecification\",\"valueRequired\":true,\"valueName\":\"search_term_string\"}}],\"inLanguage\":\"en-US\"}]}<\/script>\n<!-- \/ Yoast SEO plugin. -->","yoast_head_json":{"title":"Nova Sin\u00e1ptica - Mentes Extrem\u00f3filas","robots":{"index":"index","follow":"follow","max-snippet":"max-snippet:-1","max-image-preview":"max-image-preview:large","max-video-preview":"max-video-preview:-1"},"canonical":"https:\/\/mentesextremofilas.com\/en\/nova-sinaptica\/","og_locale":"en_US","og_type":"article","og_title":"Nova Sin\u00e1ptica - Mentes Extrem\u00f3filas","og_url":"https:\/\/mentesextremofilas.com\/en\/nova-sinaptica\/","og_site_name":"Mentes Extrem\u00f3filas","article_modified_time":"2021-06-21T02:34:55+00:00","og_image":[{"width":1024,"height":1024,"url":"https:\/\/mentesextremofilas.com\/wp-content\/uploads\/preview.png","type":"image\/png"}],"twitter_card":"summary_large_image","twitter_misc":{"Est. reading time":"1 minute"},"schema":{"@context":"https:\/\/schema.org","@graph":[{"@type":"WebPage","@id":"https:\/\/mentesextremofilas.com\/nova-sinaptica","url":"https:\/\/mentesextremofilas.com\/nova-sinaptica","name":"Nova Sin\u00e1ptica - Mentes Extrem\u00f3filas","isPartOf":{"@id":"https:\/\/mentesextremofilas.com\/#website"},"datePublished":"2021-04-25T22:03:37+00:00","dateModified":"2021-06-21T02:34:55+00:00","breadcrumb":{"@id":"https:\/\/mentesextremofilas.com\/nova-sinaptica#breadcrumb"},"inLanguage":"en-US","potentialAction":[{"@type":"ReadAction","target":["https:\/\/mentesextremofilas.com\/nova-sinaptica"]}]},{"@type":"BreadcrumbList","@id":"https:\/\/mentesextremofilas.com\/nova-sinaptica#breadcrumb","itemListElement":[{"@type":"ListItem","position":1,"name":"Home","item":"https:\/\/mentesextremofilas.com\/"},{"@type":"ListItem","position":2,"name":"Nova Sin\u00e1ptica"}]},{"@type":"WebSite","@id":"https:\/\/mentesextremofilas.com\/#website","url":"https:\/\/mentesextremofilas.com\/","name":"Mentes Extrem\u00f3filas","description":"Mentes que se adaptan a las condiciones m\u00e1s extremas de la imaginaci\u00f3n","potentialAction":[{"@type":"SearchAction","target":{"@type":"EntryPoint","urlTemplate":"https:\/\/mentesextremofilas.com\/?s={search_term_string}"},"query-input":{"@type":"PropertyValueSpecification","valueRequired":true,"valueName":"search_term_string"}}],"inLanguage":"en-US"}]}},"_links":{"self":[{"href":"https:\/\/mentesextremofilas.com\/en\/wp-json\/wp\/v2\/pages\/1129","targetHints":{"allow":["GET"]}}],"collection":[{"href":"https:\/\/mentesextremofilas.com\/en\/wp-json\/wp\/v2\/pages"}],"about":[{"href":"https:\/\/mentesextremofilas.com\/en\/wp-json\/wp\/v2\/types\/page"}],"author":[{"embeddable":true,"href":"https:\/\/mentesextremofilas.com\/en\/wp-json\/wp\/v2\/users\/1"}],"replies":[{"embeddable":true,"href":"https:\/\/mentesextremofilas.com\/en\/wp-json\/wp\/v2\/comments?post=1129"}],"version-history":[{"count":0,"href":"https:\/\/mentesextremofilas.com\/en\/wp-json\/wp\/v2\/pages\/1129\/revisions"}],"wp:attachment":[{"href":"https:\/\/mentesextremofilas.com\/en\/wp-json\/wp\/v2\/media?parent=1129"}],"curies":[{"name":"wp","href":"https:\/\/api.w.org\/{rel}","templated":true}]}}