{"id":1128,"date":"2021-04-25T18:02:27","date_gmt":"2021-04-25T22:02:27","guid":{"rendered":"https:\/\/mentesextremofilas.com\/?page_id=1128"},"modified":"2021-06-20T22:34:46","modified_gmt":"2021-06-21T02:34:46","slug":"expedientes-extremofilos","status":"publish","type":"page","link":"https:\/\/mentesextremofilas.com\/en\/expedientes-extremofilos","title":{"rendered":"ExtremoFiles"},"content":{"rendered":"\n[et_pb_section fb_built=\u00bb1&#8243; fullwidth=\u00bbon\u00bb _builder_version=\u00bb4.9.4&#8243; _module_preset=\u00bbdefault\u00bb][et_pb_fullwidth_image src=\u00bbhttps:\/\/mentesextremofilas.com\/wp-content\/uploads\/categoria_expedientes-extremofilos-scaled.jpg\u00bb title_text=\u00bbcategoria_expedientes-extremofilos\u00bb _builder_version=\u00bb4.9.4&#8243; _module_preset=\u00bbdefault\u00bb][\/et_pb_fullwidth_image][\/et_pb_section][et_pb_section fb_built=\u00bb1&#8243; _builder_version=\u00bb4.9.4&#8243; _module_preset=\u00bbdefault\u00bb background_enable_image=\u00bboff\u00bb hover_enabled=\u00bb0&#8243; module_class=\u00bbmain-page\u00bb sticky_enabled=\u00bb0&#8243;][et_pb_row _builder_version=\u00bb4.9.4&#8243; _module_preset=\u00bbdefault\u00bb width=\u00bbauto\u00bb max_width=\u00bbnone\u00bb][et_pb_column type=\u00bb4_4&#8243; _builder_version=\u00bb4.9.4&#8243; _module_preset=\u00bbdefault\u00bb][et_pb_code _builder_version=\u00bb4.9.4&#8243; _module_preset=\u00bbdefault\u00bb]<div class=\"pt-cv-wrapper et_smooth_scroll_disabled\"><div class=\"pt-cv-view pt-cv-pinterest pt-cv-colsys pt-cv-shadow pt-cv-bb pt-cv-pginfinite\" id=\"pt-cv-view-85a07022bz\"><div data-id=\"pt-cv-page-1\" class=\"pt-cv-page\" data-cvc=\"3\"><div class=\"col-md-4 col-sm-6 col-xs-12 pt-cv-content-item pt-cv-1-col\"  data-pid=\"2658\"><div class='pt-cv-pinmas'><a href=\"https:\/\/mentesextremofilas.com\/en\/expedientes-extremofilos\/desclasificacion-ii-una-guazabara-contra-los-marcianos\" class=\"_self pt-cv-href-thumbnail pt-cv-thumb-default cvplbd cvp-lazy-container\" target=\"_self\" rel=\"nofollow\"><img loading=\"lazy\" decoding=\"async\" width=\"1420\" height=\"799\" src=\"https:\/\/mentesextremofilas.com\/wp-content\/plugins\/pt-content-views-pro\/public\/assets\/images\/lazy_image.png\" class=\"pt-cv-thumbnail img-none no-lazyload  skip-lazy  cvplazy\" alt=\"Invasi\u00f3n\" data-cvpsrc=\"https:\/\/mentesextremofilas.com\/wp-content\/uploads\/354901FB-C3CC-48A4-842F-E0088F93959E.jpeg\" \/><\/a>\n<h4 class=\"pt-cv-title\"><a href=\"https:\/\/mentesextremofilas.com\/en\/expedientes-extremofilos\/desclasificacion-ii-una-guazabara-contra-los-marcianos\" class=\"_self cvplbd\" target=\"_self\" rel=\"nofollow\">Desclasificaci\u00f3n II:  Una guaz\u00e1bara contra los marcianos<\/a><\/h4>\n<div class=\"pt-cv-content\"><div class=\"pt-cv-content_excerpt\">[et_pb_section admin_label=\"section\"] [et_pb_row admin_label=\"row\"] [et_pb_column type=\"4_4\"][et_pb_text admin_label=\"Text\"] Texto: Odilius Vlak \/ Ilustraciones: Eddaviel Caso de invasi\u00f3n marciana en 1492 UNA GUAZ\u00c1BARA CONTRA LOS MARCIANOS Continuaci\u00f3n de La profec\u00eda de Cacibaquel Rayos calor\u00edficos y gases venenosos asolan un yucayeque. Pertenece al Cacicazgo de Maguana. Nuestros h\u00e9roes emergen del portal del afiche directo al bombardeo. \u00abYoss, \u00a1cuidado!\u00bb Su espada desv\u00eda a tiempo el rayo. El impacto lo dispara hasta un conuco de yuca. Se levanta aturdido. Sostiene algo. \u00abMira lo que encontr\u00e9, chico.\u00bb El cristal de cuarzo del cem\u00ed destella un naranja embriagador: \u00a1la iluminaci\u00f3n perpetua de la cohoba! El \u00eddolo habla: ... <\/div><a href=\"https:\/\/mentesextremofilas.com\/en\/expedientes-extremofilos\/desclasificacion-ii-una-guazabara-contra-los-marcianos\" class=\"_self pt-cv-readmore pt-cv-textlink cvplbd\" target=\"_self\" rel=\"nofollow\">Leer m\u00e1s<\/a><\/div><\/div><\/div>\n<div class=\"col-md-4 col-sm-6 col-xs-12 pt-cv-content-item pt-cv-1-col\"  data-pid=\"2600\"><div class='pt-cv-pinmas'><a href=\"https:\/\/mentesextremofilas.com\/en\/expedientes-extremofilos\/un-teteo-en-freakylandia\" class=\"_self pt-cv-href-thumbnail pt-cv-thumb-default cvplbd cvp-lazy-container\" target=\"_self\" rel=\"nofollow\"><img loading=\"lazy\" decoding=\"async\" width=\"1420\" height=\"799\" src=\"https:\/\/mentesextremofilas.com\/wp-content\/plugins\/pt-content-views-pro\/public\/assets\/images\/lazy_image.png\" class=\"pt-cv-thumbnail img-none no-lazyload  skip-lazy  cvplazy\" alt=\"UN TETEO EN FREAKYLANDIA\" data-cvpsrc=\"https:\/\/mentesextremofilas.com\/wp-content\/uploads\/603C4923-6972-460D-9DC4-9C826EC6544C.jpeg\" \/><\/a>\n<h4 class=\"pt-cv-title\"><a href=\"https:\/\/mentesextremofilas.com\/en\/expedientes-extremofilos\/un-teteo-en-freakylandia\" class=\"_self cvplbd\" target=\"_self\" rel=\"nofollow\">UN TETEO EN FREAKYLANDIA<\/a><\/h4>\n<div class=\"pt-cv-content\"><div class=\"pt-cv-content_excerpt\">El siguiente texto fue le\u00eddo durante la puesta en circulaci\u00f3n del libro \u00abDominican splendors\u00bb del reconocido pintor Vladimir Vel\u00e1zquez [Casa de Teatro: 11\/1\/2022]. Es una exploraci\u00f3n ficticia de las historias y personajes alrededor del fen\u00f3meno urbano del \u00abteteo\u00bb. Combinando as\u00ed la ficci\u00f3n especulativa con la jerga de calle, cualidad presente en algunos cuentos de esta colecci\u00f3n.  ... <\/div><a href=\"https:\/\/mentesextremofilas.com\/en\/expedientes-extremofilos\/un-teteo-en-freakylandia\" class=\"_self pt-cv-readmore pt-cv-textlink cvplbd\" target=\"_self\" rel=\"nofollow\">Leer m\u00e1s<\/a><\/div><\/div><\/div>\n<div class=\"col-md-4 col-sm-6 col-xs-12 pt-cv-content-item pt-cv-1-col\"  data-pid=\"2555\"><div class='pt-cv-pinmas'><a href=\"https:\/\/mentesextremofilas.com\/en\/expedientes-extremofilos\/un-sonambulo-adicto-a-poe\" class=\"_self pt-cv-href-thumbnail pt-cv-thumb-default cvplbd cvp-lazy-container\" target=\"_self\" rel=\"nofollow\"><img loading=\"lazy\" decoding=\"async\" width=\"1420\" height=\"799\" src=\"https:\/\/mentesextremofilas.com\/wp-content\/plugins\/pt-content-views-pro\/public\/assets\/images\/lazy_image.png\" class=\"pt-cv-thumbnail img-none no-lazyload  skip-lazy  cvplazy\" alt=\"Edgar Allan Poe\" data-cvpsrc=\"https:\/\/mentesextremofilas.com\/wp-content\/uploads\/5FA5A567-A40A-481D-86B8-B2834517A5C2.jpeg\" \/><\/a>\n<h4 class=\"pt-cv-title\"><a href=\"https:\/\/mentesextremofilas.com\/en\/expedientes-extremofilos\/un-sonambulo-adicto-a-poe\" class=\"_self cvplbd\" target=\"_self\" rel=\"nofollow\">Un son\u00e1mbulo adicto a Poe<\/a><\/h4>\n<div class=\"pt-cv-content\"><div class=\"pt-cv-content_excerpt\">Se levant\u00f3 con normalidad, sus pasos avanzando en n\u00fameros decimales hacia la portada de un libro. La ilustraci\u00f3n era una siniestra versi\u00f3n de una pintura bizantina ... <\/div><a href=\"https:\/\/mentesextremofilas.com\/en\/expedientes-extremofilos\/un-sonambulo-adicto-a-poe\" class=\"_self pt-cv-readmore pt-cv-textlink cvplbd\" target=\"_self\" rel=\"nofollow\">Leer m\u00e1s<\/a><\/div><\/div><\/div>\n<div class=\"col-md-4 col-sm-6 col-xs-12 pt-cv-content-item pt-cv-1-col\"  data-pid=\"2540\"><div class='pt-cv-pinmas'><a href=\"https:\/\/mentesextremofilas.com\/en\/expedientes-extremofilos\/mentes-paralelas-tokischa-una-popola-surrealista\" class=\"_self pt-cv-href-thumbnail pt-cv-thumb-default cvplbd cvp-lazy-container\" target=\"_self\" rel=\"nofollow\"><img loading=\"lazy\" decoding=\"async\" width=\"1420\" height=\"799\" src=\"https:\/\/mentesextremofilas.com\/wp-content\/plugins\/pt-content-views-pro\/public\/assets\/images\/lazy_image.png\" class=\"pt-cv-thumbnail img-none no-lazyload  skip-lazy  cvplazy\" alt=\"Popola\" data-cvpsrc=\"https:\/\/mentesextremofilas.com\/wp-content\/uploads\/54AD0F73-B175-4FD9-A680-34137128A343.jpeg\" \/><\/a>\n<h4 class=\"pt-cv-title\"><a href=\"https:\/\/mentesextremofilas.com\/en\/expedientes-extremofilos\/mentes-paralelas-tokischa-una-popola-surrealista\" class=\"_self cvplbd\" target=\"_self\" rel=\"nofollow\">Mentes Paralelas: Tokischa, una popola surrealista<\/a><\/h4>\n<div class=\"pt-cv-content\"><div class=\"pt-cv-content_excerpt\">Figuras como Tokischa y Rochy RD visibilizan a los \u00abdeplorables\u00bb, a las personas no convencionales, a los excluidos de la sociedad dominicana con un atrevimiento de formas y actitudes  ... <\/div><a href=\"https:\/\/mentesextremofilas.com\/en\/expedientes-extremofilos\/mentes-paralelas-tokischa-una-popola-surrealista\" class=\"_self pt-cv-readmore pt-cv-textlink cvplbd\" target=\"_self\" rel=\"nofollow\">Leer m\u00e1s<\/a><\/div><\/div><\/div>\n<div class=\"col-md-4 col-sm-6 col-xs-12 pt-cv-content-item pt-cv-1-col\"  data-pid=\"2440\"><div class='pt-cv-pinmas'><a href=\"https:\/\/mentesextremofilas.com\/en\/expedientes-extremofilos\/desclasificacion-ii-caso-de-invasion-marciana-en-1492\" class=\"_self pt-cv-href-thumbnail pt-cv-thumb-default cvplbd cvp-lazy-container\" target=\"_self\" rel=\"nofollow\"><img loading=\"lazy\" decoding=\"async\" width=\"1420\" height=\"799\" src=\"https:\/\/mentesextremofilas.com\/wp-content\/plugins\/pt-content-views-pro\/public\/assets\/images\/lazy_image.png\" class=\"pt-cv-thumbnail img-none no-lazyload  skip-lazy  cvplazy\" alt=\"C\" data-cvpsrc=\"https:\/\/mentesextremofilas.com\/wp-content\/uploads\/78653805-4DA4-43A4-BEA7-3266D131AEA6.jpeg\" \/><\/a>\n<h4 class=\"pt-cv-title\"><a href=\"https:\/\/mentesextremofilas.com\/en\/expedientes-extremofilos\/desclasificacion-ii-caso-de-invasion-marciana-en-1492\" class=\"_self cvplbd\" target=\"_self\" rel=\"nofollow\">Desclasificaci\u00f3n II: La profec\u00eda de Cacibaquel<\/a><\/h4>\n<div class=\"pt-cv-content\"><div class=\"pt-cv-content_excerpt\">Y dicen que este cacique afirm\u00f3 haber hablado con\u00a0Yucahuguam\u00e1, quien le hab\u00eda dicho que cuanto despu\u00e9s de su muerte quedasen vivos, gozar\u00edan poco tiempo de su dominio ... <\/div><a href=\"https:\/\/mentesextremofilas.com\/en\/expedientes-extremofilos\/desclasificacion-ii-caso-de-invasion-marciana-en-1492\" class=\"_self pt-cv-readmore pt-cv-textlink cvplbd\" target=\"_self\" rel=\"nofollow\">Leer m\u00e1s<\/a><\/div><\/div><\/div>\n<div class=\"col-md-4 col-sm-6 col-xs-12 pt-cv-content-item pt-cv-1-col\"  data-pid=\"2398\"><div class='pt-cv-pinmas'><a href=\"https:\/\/mentesextremofilas.com\/en\/expedientes-extremofilos\/brujos-haitianos-protestan-en-la-frontera\" class=\"_self pt-cv-href-thumbnail pt-cv-thumb-default cvplbd cvp-lazy-container\" target=\"_self\" rel=\"nofollow\"><img loading=\"lazy\" decoding=\"async\" width=\"1420\" height=\"799\" src=\"https:\/\/mentesextremofilas.com\/wp-content\/plugins\/pt-content-views-pro\/public\/assets\/images\/lazy_image.png\" class=\"pt-cv-thumbnail img-none no-lazyload  skip-lazy  cvplazy\" alt=\"MMRtv-01: Brujos haitianos protestan en la frontera\" data-cvpsrc=\"https:\/\/mentesextremofilas.com\/wp-content\/uploads\/6B5F6E4F-2337-4BF7-A421-D0B4A52B4BA1.jpeg\" \/><\/a>\n<h4 class=\"pt-cv-title\"><a href=\"https:\/\/mentesextremofilas.com\/en\/expedientes-extremofilos\/brujos-haitianos-protestan-en-la-frontera\" class=\"_self cvplbd\" target=\"_self\" rel=\"nofollow\">MMRtv-01: Brujos haitianos protestan en la frontera<\/a><\/h4>\n<div class=\"pt-cv-content\"><div class=\"pt-cv-content_excerpt\">Los pap\u00e1 boc\u00f3s se separan; forman un pasillo al final del cual, justo en el extremo sur del mapa, correspondiente al departamento de Grand'Anse, aparece un chivo negro ... <\/div><a href=\"https:\/\/mentesextremofilas.com\/en\/expedientes-extremofilos\/brujos-haitianos-protestan-en-la-frontera\" class=\"_self pt-cv-readmore pt-cv-textlink cvplbd\" target=\"_self\" rel=\"nofollow\">Leer m\u00e1s<\/a><\/div><\/div><\/div><\/div><\/div>\n<div class=\"text-center pt-cv-pagination-wrapper\"><a href='https:\/\/mentesextremofilas.com\/en\/wp-json\/wp\/v2\/pages\/1128\/?_page=2' onclick='event.preventDefault()' class=\"pt-cv-more btn btn-primary btn-sm\" data-totalpages=\"2\" data-nextpages=\"2\" data-sid=\"85a07022bz\" data-unid=\"\">More <span class=\"caret\"><\/span><\/a><img loading=\"lazy\" decoding=\"async\" width=\"15\" height=\"15\" class=\"pt-cv-spinner\" alt=\"Loading...\" src=\"data:image\/gif;base64,R0lGODlhDwAPALMPAMrKygwMDJOTkz09PZWVla+vr3p6euTk5M7OzuXl5TMzMwAAAJmZmWZmZszMzP\/\/\/yH\/C05FVFNDQVBFMi4wAwEAAAAh+QQFCgAPACwAAAAADwAPAAAEQvDJaZaZOIcV8iQK8VRX4iTYoAwZ4iCYoAjZ4RxejhVNoT+mRGP4cyF4Pp0N98sBGIBMEMOotl6YZ3S61Bmbkm4mAgAh+QQFCgAPACwAAAAADQANAAAENPDJSRSZeA418itN8QiK8BiLITVsFiyBBIoYqnoewAD4xPw9iY4XLGYSjkQR4UAUD45DLwIAIfkEBQoADwAsAAAAAA8ACQAABC\/wyVlamTi3nSdgwFNdhEJgTJoNyoB9ISYoQmdjiZPcj7EYCAeCF1gEDo4Dz2eIAAAh+QQFCgAPACwCAAAADQANAAAEM\/DJBxiYeLKdX3IJZT1FU0iIg2RNKx3OkZVnZ98ToRD4MyiDnkAh6BkNC0MvsAj0kMpHBAAh+QQFCgAPACwGAAAACQAPAAAEMDC59KpFDll73HkAA2wVY5KgiK5b0RRoI6MuzG6EQqCDMlSGheEhUAgqgUUAFRySIgAh+QQFCgAPACwCAAIADQANAAAEM\/DJKZNLND\/kkKaHc3xk+QAMYDKsiaqmZCxGVjSFFCxB1vwy2oOgIDxuucxAMTAJFAJNBAAh+QQFCgAPACwAAAYADwAJAAAEMNAs86q1yaWwwv2Ig0jUZx3OYa4XoRAfwADXoAwfo1+CIjyFRuEho60aSNYlOPxEAAAh+QQFCgAPACwAAAIADQANAAAENPA9s4y8+IUVcqaWJ4qEQozSoAzoIyhCK2NFU2SJk0hNnyEOhKR2AzAAj4Pj4GE4W0bkJQIAOw==\" \/><div class=\"clear pt-cv-clear-pagination\"><\/div><\/div><\/div>\t\t\t<style type=\"text\/css\" id=\"pt-cv-inline-style-5a309353be\">#pt-cv-view-85a07022bz .pt-cv-title a, #pt-cv-view-85a07022bz  .panel-title { font-weight: 600 !important; }\n#pt-cv-view-85a07022bz .pt-cv-readmore:hover  { color: #ffffff !important; background-color: #00aeef !important; }\n#pt-cv-view-85a07022bz  + .pt-cv-pagination-wrapper .pt-cv-more , #pt-cv-view-85a07022bz  + .pt-cv-pagination-wrapper .pagination .active a { color: #ffffff !important; background-color: #00aeef !important; }<\/style>\r\n\t\t\t[\/et_pb_code][\/et_pb_column][\/et_pb_row][\/et_pb_section]\n","protected":false},"excerpt":{"rendered":"","protected":false},"author":1,"featured_media":0,"parent":0,"menu_order":0,"comment_status":"closed","ping_status":"closed","template":"","meta":{"_et_pb_use_builder":"on","_et_pb_old_content":"","_et_gb_content_width":"","footnotes":""},"class_list":["post-1128","page","type-page","status-publish","hentry"],"yoast_head":"<!-- This site is optimized with the Yoast SEO plugin v27.1.1 - https:\/\/yoast.com\/product\/yoast-seo-wordpress\/ -->\n<title>Expedientes Extrem\u00f3filos - Mentes Extrem\u00f3filas<\/title>\n<meta name=\"robots\" content=\"index, follow, max-snippet:-1, max-image-preview:large, max-video-preview:-1\" \/>\n<link rel=\"canonical\" href=\"https:\/\/mentesextremofilas.com\/en\/expedientes-extremofilos\/\" \/>\n<meta property=\"og:locale\" content=\"en_US\" \/>\n<meta property=\"og:type\" content=\"article\" \/>\n<meta property=\"og:title\" content=\"Expedientes Extrem\u00f3filos - Mentes Extrem\u00f3filas\" \/>\n<meta property=\"og:url\" content=\"https:\/\/mentesextremofilas.com\/en\/expedientes-extremofilos\/\" \/>\n<meta property=\"og:site_name\" content=\"Mentes Extrem\u00f3filas\" \/>\n<meta property=\"article:modified_time\" content=\"2021-06-21T02:34:46+00:00\" \/>\n<meta property=\"og:image\" content=\"https:\/\/mentesextremofilas.com\/wp-content\/uploads\/preview.png\" \/>\n\t<meta property=\"og:image:width\" content=\"1024\" \/>\n\t<meta property=\"og:image:height\" content=\"1024\" \/>\n\t<meta property=\"og:image:type\" content=\"image\/png\" \/>\n<meta name=\"twitter:card\" content=\"summary_large_image\" \/>\n<meta name=\"twitter:label1\" content=\"Est. reading time\" \/>\n\t<meta name=\"twitter:data1\" content=\"1 minute\" \/>\n<script type=\"application\/ld+json\" class=\"yoast-schema-graph\">{\"@context\":\"https:\/\/schema.org\",\"@graph\":[{\"@type\":\"WebPage\",\"@id\":\"https:\/\/mentesextremofilas.com\/expedientes-extremofilos\",\"url\":\"https:\/\/mentesextremofilas.com\/expedientes-extremofilos\",\"name\":\"Expedientes Extrem\u00f3filos - Mentes Extrem\u00f3filas\",\"isPartOf\":{\"@id\":\"https:\/\/mentesextremofilas.com\/#website\"},\"datePublished\":\"2021-04-25T22:02:27+00:00\",\"dateModified\":\"2021-06-21T02:34:46+00:00\",\"breadcrumb\":{\"@id\":\"https:\/\/mentesextremofilas.com\/expedientes-extremofilos#breadcrumb\"},\"inLanguage\":\"en-US\",\"potentialAction\":[{\"@type\":\"ReadAction\",\"target\":[\"https:\/\/mentesextremofilas.com\/expedientes-extremofilos\"]}]},{\"@type\":\"BreadcrumbList\",\"@id\":\"https:\/\/mentesextremofilas.com\/expedientes-extremofilos#breadcrumb\",\"itemListElement\":[{\"@type\":\"ListItem\",\"position\":1,\"name\":\"Home\",\"item\":\"https:\/\/mentesextremofilas.com\/\"},{\"@type\":\"ListItem\",\"position\":2,\"name\":\"Expedientes Extrem\u00f3filos\"}]},{\"@type\":\"WebSite\",\"@id\":\"https:\/\/mentesextremofilas.com\/#website\",\"url\":\"https:\/\/mentesextremofilas.com\/\",\"name\":\"Mentes Extrem\u00f3filas\",\"description\":\"Mentes que se adaptan a las condiciones m\u00e1s extremas de la imaginaci\u00f3n\",\"potentialAction\":[{\"@type\":\"SearchAction\",\"target\":{\"@type\":\"EntryPoint\",\"urlTemplate\":\"https:\/\/mentesextremofilas.com\/?s={search_term_string}\"},\"query-input\":{\"@type\":\"PropertyValueSpecification\",\"valueRequired\":true,\"valueName\":\"search_term_string\"}}],\"inLanguage\":\"en-US\"}]}<\/script>\n<!-- \/ Yoast SEO plugin. -->","yoast_head_json":{"title":"Expedientes Extrem\u00f3filos - Mentes Extrem\u00f3filas","robots":{"index":"index","follow":"follow","max-snippet":"max-snippet:-1","max-image-preview":"max-image-preview:large","max-video-preview":"max-video-preview:-1"},"canonical":"https:\/\/mentesextremofilas.com\/en\/expedientes-extremofilos\/","og_locale":"en_US","og_type":"article","og_title":"Expedientes Extrem\u00f3filos - Mentes Extrem\u00f3filas","og_url":"https:\/\/mentesextremofilas.com\/en\/expedientes-extremofilos\/","og_site_name":"Mentes Extrem\u00f3filas","article_modified_time":"2021-06-21T02:34:46+00:00","og_image":[{"width":1024,"height":1024,"url":"https:\/\/mentesextremofilas.com\/wp-content\/uploads\/preview.png","type":"image\/png"}],"twitter_card":"summary_large_image","twitter_misc":{"Est. reading time":"1 minute"},"schema":{"@context":"https:\/\/schema.org","@graph":[{"@type":"WebPage","@id":"https:\/\/mentesextremofilas.com\/expedientes-extremofilos","url":"https:\/\/mentesextremofilas.com\/expedientes-extremofilos","name":"Expedientes Extrem\u00f3filos - Mentes Extrem\u00f3filas","isPartOf":{"@id":"https:\/\/mentesextremofilas.com\/#website"},"datePublished":"2021-04-25T22:02:27+00:00","dateModified":"2021-06-21T02:34:46+00:00","breadcrumb":{"@id":"https:\/\/mentesextremofilas.com\/expedientes-extremofilos#breadcrumb"},"inLanguage":"en-US","potentialAction":[{"@type":"ReadAction","target":["https:\/\/mentesextremofilas.com\/expedientes-extremofilos"]}]},{"@type":"BreadcrumbList","@id":"https:\/\/mentesextremofilas.com\/expedientes-extremofilos#breadcrumb","itemListElement":[{"@type":"ListItem","position":1,"name":"Home","item":"https:\/\/mentesextremofilas.com\/"},{"@type":"ListItem","position":2,"name":"Expedientes Extrem\u00f3filos"}]},{"@type":"WebSite","@id":"https:\/\/mentesextremofilas.com\/#website","url":"https:\/\/mentesextremofilas.com\/","name":"Mentes Extrem\u00f3filas","description":"Mentes que se adaptan a las condiciones m\u00e1s extremas de la imaginaci\u00f3n","potentialAction":[{"@type":"SearchAction","target":{"@type":"EntryPoint","urlTemplate":"https:\/\/mentesextremofilas.com\/?s={search_term_string}"},"query-input":{"@type":"PropertyValueSpecification","valueRequired":true,"valueName":"search_term_string"}}],"inLanguage":"en-US"}]}},"_links":{"self":[{"href":"https:\/\/mentesextremofilas.com\/en\/wp-json\/wp\/v2\/pages\/1128","targetHints":{"allow":["GET"]}}],"collection":[{"href":"https:\/\/mentesextremofilas.com\/en\/wp-json\/wp\/v2\/pages"}],"about":[{"href":"https:\/\/mentesextremofilas.com\/en\/wp-json\/wp\/v2\/types\/page"}],"author":[{"embeddable":true,"href":"https:\/\/mentesextremofilas.com\/en\/wp-json\/wp\/v2\/users\/1"}],"replies":[{"embeddable":true,"href":"https:\/\/mentesextremofilas.com\/en\/wp-json\/wp\/v2\/comments?post=1128"}],"version-history":[{"count":0,"href":"https:\/\/mentesextremofilas.com\/en\/wp-json\/wp\/v2\/pages\/1128\/revisions"}],"wp:attachment":[{"href":"https:\/\/mentesextremofilas.com\/en\/wp-json\/wp\/v2\/media?parent=1128"}],"curies":[{"name":"wp","href":"https:\/\/api.w.org\/{rel}","templated":true}]}}