{"id":1127,"date":"2021-04-25T18:01:18","date_gmt":"2021-04-25T22:01:18","guid":{"rendered":"https:\/\/mentesextremofilas.com\/?page_id=1127"},"modified":"2024-08-27T23:13:30","modified_gmt":"2024-08-28T03:13:30","slug":"bdosphera","status":"publish","type":"page","link":"https:\/\/mentesextremofilas.com\/en\/bdosphera","title":{"rendered":"BDosphere"},"content":{"rendered":"<p>[et_pb_section fb_built=\u00bb1&#8243; fullwidth=\u00bbon\u00bb _builder_version=\u00bb4.9.4&#8243; _module_preset=\u00bbdefault\u00bb][et_pb_fullwidth_image src=\u00bbhttps:\/\/mentesextremofilas.com\/wp-content\/uploads\/categoria_bdosphera-scaled.jpg\u00bb title_text=\u00bbcategoria_bdosphera\u00bb _builder_version=\u00bb4.9.4&#8243; _module_preset=\u00bbdefault\u00bb][\/et_pb_fullwidth_image][\/et_pb_section][et_pb_section fb_built=\u00bb1&#8243; module_class=\u00bbmain-page\u00bb _builder_version=\u00bb4.9.4&#8243; _module_preset=\u00bbdefault\u00bb background_enable_image=\u00bboff\u00bb][et_pb_row _builder_version=\u00bb4.9.4&#8243; _module_preset=\u00bbdefault\u00bb width=\u00bbauto\u00bb max_width=\u00bbnone\u00bb][et_pb_column type=\u00bb4_4&#8243; _builder_version=\u00bb4.9.4&#8243; _module_preset=\u00bbdefault\u00bb][et_pb_code _builder_version=\u00bb4.9.4&#8243; _module_preset=\u00bbdefault\u00bb hover_enabled=\u00bb0&#8243; sticky_enabled=\u00bb0&#8243;]<div class=\"pt-cv-wrapper et_smooth_scroll_disabled\"><div class=\"pt-cv-view pt-cv-pinterest pt-cv-colsys pt-cv-shadow pt-cv-bb\" id=\"pt-cv-view-bd079cefjp\"><div data-id=\"pt-cv-page-1\" class=\"pt-cv-page\" data-cvc=\"2\"><div class=\"col-md-6 col-sm-6 col-xs-12 pt-cv-content-item pt-cv-1-col\"  data-pid=\"1392\"><div class='pt-cv-pinmas'><a href=\"https:\/\/mentesextremofilas.com\/en\/bdosphera\/copulae\" class=\"_self pt-cv-href-thumbnail pt-cv-thumb-default cvp-lazy-container\" target=\"_self\" rel=\"nofollow\"><img loading=\"lazy\" decoding=\"async\" width=\"2560\" height=\"1440\" src=\"https:\/\/mentesextremofilas.com\/wp-content\/plugins\/pt-content-views-pro\/public\/assets\/images\/lazy_image.png\" class=\"pt-cv-thumbnail img-none no-lazyload  skip-lazy  cvplazy\" alt=\"CHAOS II: Copulae\" data-cvpsrc=\"https:\/\/mentesextremofilas.com\/wp-content\/uploads\/BD__Copulae-0-scaled.jpg\" \/><\/a>\n<h4 class=\"pt-cv-title\"><a href=\"https:\/\/mentesextremofilas.com\/en\/bdosphera\/copulae\" class=\"_self\" target=\"_self\" rel=\"nofollow\">CHAOS II: Copulae<\/a><\/h4><\/div><\/div>\n<div class=\"col-md-6 col-sm-6 col-xs-12 pt-cv-content-item pt-cv-1-col\"  data-pid=\"1386\"><div class='pt-cv-pinmas'><a href=\"https:\/\/mentesextremofilas.com\/en\/bdosphera\/ulthar\" class=\"_self pt-cv-href-thumbnail pt-cv-thumb-default cvp-lazy-container\" target=\"_self\" rel=\"nofollow\"><img loading=\"lazy\" decoding=\"async\" width=\"1500\" height=\"844\" src=\"https:\/\/mentesextremofilas.com\/wp-content\/plugins\/pt-content-views-pro\/public\/assets\/images\/lazy_image.png\" class=\"pt-cv-thumbnail img-none no-lazyload  skip-lazy  cvplazy\" alt=\"CHAOS I: Ulthar\" data-cvpsrc=\"https:\/\/mentesextremofilas.com\/wp-content\/uploads\/bdosphera_ulthar.jpg\" \/><\/a>\n<h4 class=\"pt-cv-title\"><a href=\"https:\/\/mentesextremofilas.com\/en\/bdosphera\/ulthar\" class=\"_self\" target=\"_self\" rel=\"nofollow\">CHAOS I: Ulthar<\/a><\/h4><\/div><\/div><\/div><\/div><\/div>\t\t\t<style type=\"text\/css\" id=\"pt-cv-inline-style-8ddbb6fk69\">#pt-cv-view-bd079cefjp .pt-cv-title a, #pt-cv-view-bd079cefjp  .panel-title { font-weight: 600 !important; }\n#pt-cv-view-bd079cefjp .pt-cv-readmore  { color: #ffffff !important; background-color: #00aeef !important; }\n#pt-cv-view-bd079cefjp .pt-cv-readmore:hover  { color: #ffffff !important; background-color: #00aeef !important; }\n#pt-cv-view-bd079cefjp  + .pt-cv-pagination-wrapper .pt-cv-more , #pt-cv-view-bd079cefjp  + .pt-cv-pagination-wrapper .pagination .active a { color: #ffffff !important; background-color: #00aeef !important; }<\/style>\r\n\t\t\t[\/et_pb_code][\/et_pb_column][\/et_pb_row][\/et_pb_section]<\/p>\n","protected":false},"excerpt":{"rendered":"<p>[et_pb_section fb_built=\u00bb1&#8243; fullwidth=\u00bbon\u00bb _builder_version=\u00bb4.9.4&#8243; _module_preset=\u00bbdefault\u00bb][et_pb_fullwidth_image src=\u00bbhttps:\/\/mentesextremofilas.com\/wp-content\/uploads\/categoria_bdosphera-scaled.jpg\u00bb title_text=\u00bbcategoria_bdosphera\u00bb _builder_version=\u00bb4.9.4&#8243; _module_preset=\u00bbdefault\u00bb][\/et_pb_fullwidth_image][\/et_pb_section][et_pb_section fb_built=\u00bb1&#8243; module_class=\u00bbmain-page\u00bb _builder_version=\u00bb4.9.4&#8243; _module_preset=\u00bbdefault\u00bb background_enable_image=\u00bboff\u00bb][et_pb_row _builder_version=\u00bb4.9.4&#8243; _module_preset=\u00bbdefault\u00bb width=\u00bbauto\u00bb max_width=\u00bbnone\u00bb][et_pb_column type=\u00bb4_4&#8243; _builder_version=\u00bb4.9.4&#8243; _module_preset=\u00bbdefault\u00bb][et_pb_code _builder_version=\u00bb4.9.4&#8243; _module_preset=\u00bbdefault\u00bb hover_enabled=\u00bb0&#8243; sticky_enabled=\u00bb0&#8243;][\/et_pb_code][\/et_pb_column][\/et_pb_row][\/et_pb_section]<\/p>\n","protected":false},"author":1,"featured_media":0,"parent":0,"menu_order":0,"comment_status":"closed","ping_status":"closed","template":"","meta":{"_et_pb_use_builder":"on","_et_pb_old_content":"","_et_gb_content_width":"","footnotes":""},"class_list":["post-1127","page","type-page","status-publish","hentry"],"yoast_head":"<!-- This site is optimized with the Yoast SEO plugin v27.1.1 - https:\/\/yoast.com\/product\/yoast-seo-wordpress\/ -->\n<title>BDosphera - Mentes Extrem\u00f3filas<\/title>\n<meta name=\"robots\" content=\"index, follow, max-snippet:-1, max-image-preview:large, max-video-preview:-1\" \/>\n<link rel=\"canonical\" href=\"https:\/\/mentesextremofilas.com\/en\/bdosphera\/\" \/>\n<meta property=\"og:locale\" content=\"en_US\" \/>\n<meta property=\"og:type\" content=\"article\" \/>\n<meta property=\"og:title\" content=\"BDosphera - Mentes Extrem\u00f3filas\" \/>\n<meta property=\"og:description\" content=\"[et_pb_section fb_built=\u00bb1&#8243; fullwidth=\u00bbon\u00bb _builder_version=\u00bb4.9.4&#8243; _module_preset=\u00bbdefault\u00bb][et_pb_fullwidth_image src=\u00bbhttps:\/\/mentesextremofilas.com\/wp-content\/uploads\/categoria_bdosphera-scaled.jpg\u00bb title_text=\u00bbcategoria_bdosphera\u00bb _builder_version=\u00bb4.9.4&#8243; _module_preset=\u00bbdefault\u00bb][\/et_pb_fullwidth_image][\/et_pb_section][et_pb_section fb_built=\u00bb1&#8243; module_class=\u00bbmain-page\u00bb _builder_version=\u00bb4.9.4&#8243; _module_preset=\u00bbdefault\u00bb background_enable_image=\u00bboff\u00bb][et_pb_row _builder_version=\u00bb4.9.4&#8243; _module_preset=\u00bbdefault\u00bb width=\u00bbauto\u00bb max_width=\u00bbnone\u00bb][et_pb_column type=\u00bb4_4&#8243; _builder_version=\u00bb4.9.4&#8243; _module_preset=\u00bbdefault\u00bb][et_pb_code _builder_version=\u00bb4.9.4&#8243; _module_preset=\u00bbdefault\u00bb hover_enabled=\u00bb0&#8243; sticky_enabled=\u00bb0&#8243;][\/et_pb_code][\/et_pb_column][\/et_pb_row][\/et_pb_section]\" \/>\n<meta property=\"og:url\" content=\"https:\/\/mentesextremofilas.com\/en\/bdosphera\/\" \/>\n<meta property=\"og:site_name\" content=\"Mentes Extrem\u00f3filas\" \/>\n<meta property=\"article:modified_time\" content=\"2024-08-28T03:13:30+00:00\" \/>\n<meta property=\"og:image\" content=\"https:\/\/mentesextremofilas.com\/wp-content\/uploads\/preview.png\" \/>\n\t<meta property=\"og:image:width\" content=\"1024\" \/>\n\t<meta property=\"og:image:height\" content=\"1024\" \/>\n\t<meta property=\"og:image:type\" content=\"image\/png\" \/>\n<meta name=\"twitter:card\" content=\"summary_large_image\" \/>\n<meta name=\"twitter:label1\" content=\"Est. reading time\" \/>\n\t<meta name=\"twitter:data1\" content=\"1 minute\" \/>\n<script type=\"application\/ld+json\" class=\"yoast-schema-graph\">{\"@context\":\"https:\/\/schema.org\",\"@graph\":[{\"@type\":\"WebPage\",\"@id\":\"https:\/\/mentesextremofilas.com\/bdosphera\",\"url\":\"https:\/\/mentesextremofilas.com\/bdosphera\",\"name\":\"BDosphera - Mentes Extrem\u00f3filas\",\"isPartOf\":{\"@id\":\"https:\/\/mentesextremofilas.com\/#website\"},\"datePublished\":\"2021-04-25T22:01:18+00:00\",\"dateModified\":\"2024-08-28T03:13:30+00:00\",\"breadcrumb\":{\"@id\":\"https:\/\/mentesextremofilas.com\/bdosphera#breadcrumb\"},\"inLanguage\":\"en-US\",\"potentialAction\":[{\"@type\":\"ReadAction\",\"target\":[\"https:\/\/mentesextremofilas.com\/bdosphera\"]}]},{\"@type\":\"BreadcrumbList\",\"@id\":\"https:\/\/mentesextremofilas.com\/bdosphera#breadcrumb\",\"itemListElement\":[{\"@type\":\"ListItem\",\"position\":1,\"name\":\"Home\",\"item\":\"https:\/\/mentesextremofilas.com\/\"},{\"@type\":\"ListItem\",\"position\":2,\"name\":\"BDosphera\"}]},{\"@type\":\"WebSite\",\"@id\":\"https:\/\/mentesextremofilas.com\/#website\",\"url\":\"https:\/\/mentesextremofilas.com\/\",\"name\":\"Mentes Extrem\u00f3filas\",\"description\":\"Mentes que se adaptan a las condiciones m\u00e1s extremas de la imaginaci\u00f3n\",\"potentialAction\":[{\"@type\":\"SearchAction\",\"target\":{\"@type\":\"EntryPoint\",\"urlTemplate\":\"https:\/\/mentesextremofilas.com\/?s={search_term_string}\"},\"query-input\":{\"@type\":\"PropertyValueSpecification\",\"valueRequired\":true,\"valueName\":\"search_term_string\"}}],\"inLanguage\":\"en-US\"}]}<\/script>\n<!-- \/ Yoast SEO plugin. -->","yoast_head_json":{"title":"BDosphera - Mentes Extrem\u00f3filas","robots":{"index":"index","follow":"follow","max-snippet":"max-snippet:-1","max-image-preview":"max-image-preview:large","max-video-preview":"max-video-preview:-1"},"canonical":"https:\/\/mentesextremofilas.com\/en\/bdosphera\/","og_locale":"en_US","og_type":"article","og_title":"BDosphera - Mentes Extrem\u00f3filas","og_description":"[et_pb_section fb_built=\u00bb1&#8243; fullwidth=\u00bbon\u00bb _builder_version=\u00bb4.9.4&#8243; _module_preset=\u00bbdefault\u00bb][et_pb_fullwidth_image src=\u00bbhttps:\/\/mentesextremofilas.com\/wp-content\/uploads\/categoria_bdosphera-scaled.jpg\u00bb title_text=\u00bbcategoria_bdosphera\u00bb _builder_version=\u00bb4.9.4&#8243; _module_preset=\u00bbdefault\u00bb][\/et_pb_fullwidth_image][\/et_pb_section][et_pb_section fb_built=\u00bb1&#8243; module_class=\u00bbmain-page\u00bb _builder_version=\u00bb4.9.4&#8243; _module_preset=\u00bbdefault\u00bb background_enable_image=\u00bboff\u00bb][et_pb_row _builder_version=\u00bb4.9.4&#8243; _module_preset=\u00bbdefault\u00bb width=\u00bbauto\u00bb max_width=\u00bbnone\u00bb][et_pb_column type=\u00bb4_4&#8243; _builder_version=\u00bb4.9.4&#8243; _module_preset=\u00bbdefault\u00bb][et_pb_code _builder_version=\u00bb4.9.4&#8243; _module_preset=\u00bbdefault\u00bb hover_enabled=\u00bb0&#8243; sticky_enabled=\u00bb0&#8243;][\/et_pb_code][\/et_pb_column][\/et_pb_row][\/et_pb_section]","og_url":"https:\/\/mentesextremofilas.com\/en\/bdosphera\/","og_site_name":"Mentes Extrem\u00f3filas","article_modified_time":"2024-08-28T03:13:30+00:00","og_image":[{"width":1024,"height":1024,"url":"https:\/\/mentesextremofilas.com\/wp-content\/uploads\/preview.png","type":"image\/png"}],"twitter_card":"summary_large_image","twitter_misc":{"Est. reading time":"1 minute"},"schema":{"@context":"https:\/\/schema.org","@graph":[{"@type":"WebPage","@id":"https:\/\/mentesextremofilas.com\/bdosphera","url":"https:\/\/mentesextremofilas.com\/bdosphera","name":"BDosphera - Mentes Extrem\u00f3filas","isPartOf":{"@id":"https:\/\/mentesextremofilas.com\/#website"},"datePublished":"2021-04-25T22:01:18+00:00","dateModified":"2024-08-28T03:13:30+00:00","breadcrumb":{"@id":"https:\/\/mentesextremofilas.com\/bdosphera#breadcrumb"},"inLanguage":"en-US","potentialAction":[{"@type":"ReadAction","target":["https:\/\/mentesextremofilas.com\/bdosphera"]}]},{"@type":"BreadcrumbList","@id":"https:\/\/mentesextremofilas.com\/bdosphera#breadcrumb","itemListElement":[{"@type":"ListItem","position":1,"name":"Home","item":"https:\/\/mentesextremofilas.com\/"},{"@type":"ListItem","position":2,"name":"BDosphera"}]},{"@type":"WebSite","@id":"https:\/\/mentesextremofilas.com\/#website","url":"https:\/\/mentesextremofilas.com\/","name":"Mentes Extrem\u00f3filas","description":"Mentes que se adaptan a las condiciones m\u00e1s extremas de la imaginaci\u00f3n","potentialAction":[{"@type":"SearchAction","target":{"@type":"EntryPoint","urlTemplate":"https:\/\/mentesextremofilas.com\/?s={search_term_string}"},"query-input":{"@type":"PropertyValueSpecification","valueRequired":true,"valueName":"search_term_string"}}],"inLanguage":"en-US"}]}},"_links":{"self":[{"href":"https:\/\/mentesextremofilas.com\/en\/wp-json\/wp\/v2\/pages\/1127","targetHints":{"allow":["GET"]}}],"collection":[{"href":"https:\/\/mentesextremofilas.com\/en\/wp-json\/wp\/v2\/pages"}],"about":[{"href":"https:\/\/mentesextremofilas.com\/en\/wp-json\/wp\/v2\/types\/page"}],"author":[{"embeddable":true,"href":"https:\/\/mentesextremofilas.com\/en\/wp-json\/wp\/v2\/users\/1"}],"replies":[{"embeddable":true,"href":"https:\/\/mentesextremofilas.com\/en\/wp-json\/wp\/v2\/comments?post=1127"}],"version-history":[{"count":0,"href":"https:\/\/mentesextremofilas.com\/en\/wp-json\/wp\/v2\/pages\/1127\/revisions"}],"wp:attachment":[{"href":"https:\/\/mentesextremofilas.com\/en\/wp-json\/wp\/v2\/media?parent=1127"}],"curies":[{"name":"wp","href":"https:\/\/api.w.org\/{rel}","templated":true}]}}